{"id":233875,"date":"2017-02-08T23:35:46","date_gmt":"2017-02-08T22:35:46","guid":{"rendered":"https:\/\/lauraverdugodelrey.com\/about-me\/"},"modified":"2026-04-30T11:09:19","modified_gmt":"2026-04-30T09:09:19","slug":"about-me","status":"publish","type":"page","link":"https:\/\/lauraverdugodelrey.com\/en\/about-me\/","title":{"rendered":"ABOUT ME"},"content":{"rendered":"<p>[et_pb_section fb_built=&#8221;1&#8243; custom_padding_last_edited=&#8221;on|phone&#8221; admin_label=&#8221;section&#8221; _builder_version=&#8221;4.27.6&#8243; background_image=&#8221;https:\/\/lauraverdugodelrey.com\/wp-content\/uploads\/2026\/04\/056.jpg&#8221; parallax=&#8221;on&#8221; custom_margin_tablet=&#8221;&#8221; custom_margin_phone=&#8221;&#8221; custom_margin_last_edited=&#8221;on|phone&#8221; custom_padding=&#8221;18%||7%||false|false&#8221; custom_padding_tablet=&#8221;18%||7%||false|false&#8221; custom_padding_phone=&#8221;78%||7%||false|false&#8221; background_last_edited=&#8221;on|phone&#8221; background_image_phone=&#8221;https:\/\/lauraverdugodelrey.com\/wp-content\/uploads\/2026\/04\/056.jpg&#8221; background_enable_image_phone=&#8221;on&#8221; transparent_background=&#8221;off&#8221; locked=&#8221;off&#8221; global_colors_info=&#8221;{}&#8221;][et_pb_row admin_label=&#8221;row&#8221; _builder_version=&#8221;4.27.6&#8243; background_color=&#8221;rgba(255,255,255,0.8)&#8221; background_size=&#8221;initial&#8221; background_position=&#8221;top_left&#8221; background_repeat=&#8221;repeat&#8221; vertical_offset=&#8221;-113px&#8221; horizontal_offset=&#8221;-369px&#8221; vertical_offset_tablet=&#8221;-113px&#8221; vertical_offset_phone=&#8221;-113px&#8221; vertical_offset_last_edited=&#8221;on|phone&#8221; horizontal_offset_tablet=&#8221;-369px&#8221; horizontal_offset_phone=&#8221;26px&#8221; horizontal_offset_last_edited=&#8221;on|phone&#8221; position_origin_a_tablet=&#8221;&#8221; position_origin_a_phone=&#8221;&#8221; position_origin_a_last_edited=&#8221;on|desktop&#8221; position_origin_f_tablet=&#8221;&#8221; position_origin_f_phone=&#8221;&#8221; position_origin_f_last_edited=&#8221;on|desktop&#8221; position_origin_r_tablet=&#8221;&#8221; position_origin_r_phone=&#8221;&#8221; position_origin_r_last_edited=&#8221;on|desktop&#8221; max_width=&#8221;500px&#8221; background_last_edited=&#8221;on|phone&#8221; background_enable_color_phone=&#8221;off&#8221; positioning_tablet=&#8221;&#8221; positioning_phone=&#8221;&#8221; positioning_last_edited=&#8221;on|phone&#8221; use_custom_width=&#8221;on&#8221; custom_width_px=&#8221;500px&#8221; global_colors_info=&#8221;{}&#8221;][et_pb_column type=&#8221;4_4&#8243; _builder_version=&#8221;4.27.6&#8243; custom_padding=&#8221;5%|5%|5%|5%&#8221; global_colors_info=&#8221;{}&#8221; custom_padding__hover=&#8221;|||&#8221;][et_pb_text disabled_on=&#8221;on|off|off&#8221; admin_label=&#8221;the&#8221; _builder_version=&#8221;4.27.6&#8243; text_font=&#8221;Playfair Display||on||&#8221; text_font_size=&#8221;25&#8243; text_letter_spacing=&#8221;2px&#8221; header_font=&#8221;lemon-tuesday||||||||&#8221; background_size=&#8221;initial&#8221; background_position=&#8221;top_left&#8221; background_repeat=&#8221;repeat&#8221; text_orientation=&#8221;center&#8221; module_alignment=&#8221;center&#8221; use_border_color=&#8221;off&#8221; border_color=&#8221;#ffffff&#8221; border_style=&#8221;solid&#8221; global_colors_info=&#8221;{}&#8221;]<\/p>\n<p>Concert Guitarist<\/p>\n<p>[\/et_pb_text][et_pb_text admin_label=&#8221;STORE&#8221; _builder_version=&#8221;4.27.6&#8243; text_font=&#8221;Cardo||||&#8221; text_font_size=&#8221;36&#8243; text_letter_spacing=&#8221;2px&#8221; background_size=&#8221;initial&#8221; background_position=&#8221;top_left&#8221; background_repeat=&#8221;repeat&#8221; text_orientation=&#8221;center&#8221; module_alignment=&#8221;center&#8221; custom_margin_tablet=&#8221;&#8221; custom_margin_phone=&#8221;7px||||false|false&#8221; custom_margin_last_edited=&#8221;on|phone&#8221; custom_padding=&#8221;|0px|25px|0px|false|false&#8221; text_font_tablet=&#8221;Cardo||||&#8221; text_font_phone=&#8221;Cardo|700|||||||&#8221; text_font_last_edited=&#8221;on|phone&#8221; text_font_size_tablet=&#8221;36&#8243; text_font_size_phone=&#8221;33px&#8221; text_font_size_last_edited=&#8221;on|phone&#8221; text_line_height_tablet=&#8221;&#8221; text_line_height_phone=&#8221;1.2em&#8221; text_line_height_last_edited=&#8221;on|phone&#8221; background_last_edited=&#8221;on|phone&#8221; background_enable_color_phone=&#8221;off&#8221; text_orientation_tablet=&#8221;center&#8221; text_orientation_phone=&#8221;left&#8221; text_orientation_last_edited=&#8221;on|phone&#8221; background_layout_tablet=&#8221;&#8221; background_layout_phone=&#8221;light&#8221; background_layout_last_edited=&#8221;on|phone&#8221; use_border_color=&#8221;off&#8221; border_color=&#8221;#ffffff&#8221; border_style=&#8221;solid&#8221; global_colors_info=&#8221;{}&#8221;]<\/p>\n<p>Laura Verdugo del Rey<\/p>\n<p>[\/et_pb_text][et_pb_divider color=&#8221;#f6decf&#8221; divider_weight=&#8221;3px&#8221; admin_label=&#8221;Divider&#8221; _builder_version=&#8221;4.16&#8243; height=&#8221;20px&#8221; custom_css_main_element=&#8221;margin-left: 47%;||margin-right: 47%;&#8221; hide_on_mobile=&#8221;off&#8221; global_colors_info=&#8221;{}&#8221;][\/et_pb_divider][\/et_pb_column][\/et_pb_row][\/et_pb_section][et_pb_section fb_built=&#8221;1&#8243; admin_label=&#8221;Section&#8221; _builder_version=&#8221;4.16&#8243; transparent_background=&#8221;off&#8221; global_colors_info=&#8221;{}&#8221;][et_pb_row column_structure=&#8221;1_3,2_3&#8243; _builder_version=&#8221;4.16&#8243; locked=&#8221;off&#8221; global_colors_info=&#8221;{}&#8221;][et_pb_column type=&#8221;1_3&#8243; _builder_version=&#8221;4.16&#8243; custom_padding=&#8221;|||&#8221; global_colors_info=&#8221;{}&#8221; custom_padding__hover=&#8221;|||&#8221;][et_pb_image src=&#8221;https:\/\/lauraverdugodelrey.com\/wp-content\/uploads\/2026\/04\/038.jpg&#8221; alt=&#8221;Laura Verdugo del Rey guitarrista cl\u00e1sica con guitarra espa\u00f1ola en retrato profesional&#8221; title_text=&#8221;Laura Verdugo del Rey con guitarra cl\u00e1sica \u2013 retrato profesional&#8221; _builder_version=&#8221;4.27.6&#8243; _module_preset=&#8221;default&#8221; width=&#8221;110%&#8221; box_shadow_style=&#8221;preset2&#8243; global_colors_info=&#8221;{}&#8221;][\/et_pb_image][\/et_pb_column][et_pb_column type=&#8221;2_3&#8243; _builder_version=&#8221;4.16&#8243; custom_padding=&#8221;|||&#8221; global_colors_info=&#8221;{}&#8221; custom_padding__hover=&#8221;|||&#8221;][et_pb_accordion open_toggle_text_color=&#8221;#000000&#8243; open_toggle_background_color=&#8221;#f9f9f9&#8243; closed_toggle_text_color=&#8221;#000000&#8243; closed_toggle_background_color=&#8221;#ffffff&#8221; icon_color=&#8221;#f6decf&#8221; admin_label=&#8221;ACCORDIAN FAQ&#8221; _builder_version=&#8221;4.27.6&#8243; toggle_font=&#8221;Abel|||on|&#8221; toggle_font_size=&#8221;20&#8243; toggle_letter_spacing=&#8221;2px&#8221; body_font=&#8221;Cardo||||&#8221; body_font_size=&#8221;16&#8243; border_width_all=&#8221;2px&#8221; border_color_all=&#8221;#f9f9f9&#8243; border_style_all=&#8221;solid&#8221; use_border_color=&#8221;on&#8221; border_color=&#8221;#f9f9f9&#8243; border_width=&#8221;2px&#8221; border_style=&#8221;solid&#8221; global_colors_info=&#8221;{}&#8221;][et_pb_accordion_item title=&#8221;Laura Verdugo del Rey&#8221; open=&#8221;on&#8221; _builder_version=&#8221;4.27.6&#8243; background_size=&#8221;initial&#8221; background_position=&#8221;top_left&#8221; background_repeat=&#8221;repeat&#8221; use_border_color=&#8221;off&#8221; border_color=&#8221;#ffffff&#8221; border_width=&#8221;1px&#8221; border_style=&#8221;solid&#8221; global_colors_info=&#8221;{}&#8221;]<\/p>\n<p style=\"text-align: justify;\"><strong>Laura Verdugo del Rey<\/strong> is an international concert performer and guitar teacher, holding a degree from the Royal Conservatory of Music of Madrid and a Master&#8217;s in Guitar from the Hogeschool Zuyd Conservatory in Maastricht (Netherlands). Born in Toledo, she began her musical studies at the age of eight at the Municipal School of Music of Santa Cruz de la Zarza, continuing her training at the Alc\u00e1zar de San Juan\u2013Campo de Criptana Professional Conservatory of Music, where she obtained an Honors Degree and the Extraordinary Middle Grade Award. She subsequently completed her higher education at the Royal Conservatory of Music of Madrid under the direction of Professor Demetrio Ballesteros, achieving the highest grades.  <\/p>\n<p style=\"text-align: justify;\">Her artistic career has led her to offer concerts and masterclasses in major auditoriums in Spain and in countries such as the Netherlands, Italy, Iceland, Belgium, Germany, Greece, the United States, and various Latin American countries. She has performed as a soloist with ensembles such as the Guadalajara Symphony Orchestra, the Honduras Symphony Orchestra, the St. Cecilia Orchestra of Simpelveld, the S. Petrus Orchestra of Maastricht, and the Nova Camera Orchestra of Madrid, among others. She has also participated as a jury member in prestigious international guitar competitions.   <\/p>\n<p style=\"text-align: justify;\">She has made recordings for the television production company Globo Media and has been part of various chamber groups, currently being a member of the **Ensemble Lilith**. Her commitment to contemporary creation is reflected in the works dedicated to her by composers such as Tom\u00e1s Marco, David del Puerto, and Juan Erena. <\/p>\n<p>[\/et_pb_accordion_item][\/et_pb_accordion][\/et_pb_column][\/et_pb_row][et_pb_row column_structure=&#8221;2_3,1_3&#8243; _builder_version=&#8221;4.16&#8243; locked=&#8221;off&#8221; global_colors_info=&#8221;{}&#8221;][et_pb_column type=&#8221;2_3&#8243; _builder_version=&#8221;4.16&#8243; custom_padding=&#8221;|||&#8221; global_colors_info=&#8221;{}&#8221; custom_padding__hover=&#8221;|||&#8221;][et_pb_accordion open_toggle_text_color=&#8221;#000000&#8243; open_toggle_background_color=&#8221;#f9f9f9&#8243; closed_toggle_text_color=&#8221;#000000&#8243; closed_toggle_background_color=&#8221;#ffffff&#8221; icon_color=&#8221;#f6decf&#8221; admin_label=&#8221;ACCORDIAN FAQ&#8221; _builder_version=&#8221;4.27.6&#8243; toggle_font=&#8221;Abel|||on|&#8221; toggle_font_size=&#8221;20&#8243; toggle_letter_spacing=&#8221;2px&#8221; body_font=&#8221;Cardo||||&#8221; body_font_size=&#8221;16&#8243; hover_enabled=&#8221;0&#8243; border_width_all=&#8221;2px&#8221; border_color_all=&#8221;#f9f9f9&#8243; border_style_all=&#8221;solid&#8221; use_border_color=&#8221;on&#8221; border_color=&#8221;#f9f9f9&#8243; border_width=&#8221;2px&#8221; border_style=&#8221;solid&#8221; global_colors_info=&#8221;{}&#8221; sticky_enabled=&#8221;0&#8243;][et_pb_accordion_item open=&#8221;on&#8221; _builder_version=&#8221;4.27.6&#8243; background_size=&#8221;initial&#8221; background_position=&#8221;top_left&#8221; background_repeat=&#8221;repeat&#8221; hover_enabled=&#8221;0&#8243; use_border_color=&#8221;off&#8221; border_color=&#8221;#ffffff&#8221; border_width=&#8221;1px&#8221; border_style=&#8221;solid&#8221; global_colors_info=&#8221;{}&#8221; sticky_enabled=&#8221;0&#8243;]<\/p>\n<p style=\"text-align: justify;\">Her accolades include the <strong>First Prize at the Los Angeles Classical Music Awards<\/strong>, the Ciudad de Arriondas Festival Award, and the Ciudad de Valladolid Guitar Award, in addition to being a finalist and semi-finalist in relevant international competitions such as the Jos\u00e9 Tom\u00e1s International Competition (Petrer), the Admira International Competition (Zarautz), and the Koblenz International Festival (Germany).<\/p>\n<p style=\"text-align: justify;\">She has been a recipient of the prestigious <strong>NUFFIC scholarship<\/strong> from the Government of the Netherlands for Master&#8217;s studies, as well as the special Jos\u00e9 Ram\u00edrez scholarship from A.I.E., and was selected as a concert performer in the <strong>INJUVE<\/strong> music circuits.<\/p>\n<p style=\"text-align: justify;\">Also committed to cultural management and musical dissemination, she holds a Master&#8217;s in Direction and Management of Cultural Industries from the European University Miguel de Cervantes. She served as artistic director of the <strong>Andr\u00e9s Segovia International Festival<\/strong> for two years and is currently the director and founder of the <strong>Madrid International Guitar Festival<\/strong> and the <strong>International Music School<\/strong>. She is also part of the <strong>Anaura Guitar Duo<\/strong> alongside the guitarrist Anabel Montesinos.<\/p>\n<p style=\"text-align: justify;\">Parallel to her concert activity, she carries out intensive pedagogical work as a professor at the <strong>Forum Musikae<\/strong> Higher School of Music, combining performance, teaching, and cultural projects with a clear international vocation.<\/p>\n<p style=\"text-align: justify;\">Laura Verdugo del Rey has published several guitar transcriptions of Domenico Scarlatti sonatas for Bergmann Edition.<\/p>\n<p style=\"text-align: justify;\"><em>Laura is a Savarez artist, part of the Str\u00f6mmar platform, and performs on a guitar built by luthier Steve Connor.<\/em><\/p>\n<p>[\/et_pb_accordion_item][\/et_pb_accordion][\/et_pb_column][et_pb_column type=&#8221;1_3&#8243; _builder_version=&#8221;4.16&#8243; custom_padding=&#8221;|||&#8221; global_colors_info=&#8221;{}&#8221; custom_padding__hover=&#8221;|||&#8221;][et_pb_image src=&#8221;https:\/\/lauraverdugodelrey.com\/wp-content\/uploads\/2026\/04\/092-1.jpg&#8221; alt=&#8221;Laura Verdugo del Rey guitarrista cl\u00e1sica concertista internacional con guitarra espa\u00f1ola retrato luminoso&#8221; title_text=&#8221;Laura Verdugo del Rey con guitarra cl\u00e1sica \u2013 retrato art\u00edstico luminoso&#8221; _builder_version=&#8221;4.27.6&#8243; _module_preset=&#8221;default&#8221; width=&#8221;110%&#8221; box_shadow_style=&#8221;preset2&#8243; global_colors_info=&#8221;{}&#8221;][\/et_pb_image][\/et_pb_column][\/et_pb_row][\/et_pb_section]<\/p>\n","protected":false},"excerpt":{"rendered":"<p>Concert GuitaristLaura Verdugo del ReyLaura Verdugo del Rey is an international concert performer and guitar teacher, holding a degree from the Royal Conservatory of Music of Madrid and a Master&#8217;s in Guitar from the Hogeschool Zuyd Conservatory in Maastricht (Netherlands). Born in Toledo, she began her musical studies at the age of eight at the [&hellip;]<\/p>\n","protected":false},"author":1,"featured_media":234090,"parent":0,"menu_order":0,"comment_status":"closed","ping_status":"closed","template":"","meta":{"_et_pb_use_builder":"on","_et_pb_old_content":"","_et_gb_content_width":"","footnotes":""},"class_list":["post-233875","page","type-page","status-publish","has-post-thumbnail","hentry"],"yoast_head":"<!-- This site is optimized with the Yoast SEO plugin v27.5 - https:\/\/yoast.com\/product\/yoast-seo-wordpress\/ -->\n<title>Laura Verdugo del Rey | Biography \u00b7 Concert Guitarist<\/title>\n<meta name=\"description\" content=\"Laura Verdugo del Rey, international classical concert guitarist, award-winner in international competitions. Learn about her artistic career.\" \/>\n<meta name=\"robots\" content=\"index, follow, max-snippet:-1, max-image-preview:large, max-video-preview:-1\" \/>\n<link rel=\"canonical\" href=\"https:\/\/lauraverdugodelrey.com\/en\/about-me\/\" \/>\n<meta property=\"og:locale\" content=\"en_US\" \/>\n<meta property=\"og:type\" content=\"article\" \/>\n<meta property=\"og:title\" content=\"Laura Verdugo del Rey | Classical Guitarist\" \/>\n<meta property=\"og:description\" content=\"Biography of international classical concert guitarist Laura Verdugo del Rey. Awards, concerts, teaching, and directorship of the Madrid International Guitar Festival.\" \/>\n<meta property=\"og:url\" content=\"https:\/\/lauraverdugodelrey.com\/en\/about-me\/\" \/>\n<meta property=\"og:site_name\" content=\"Laura Verdugo del Rey\" \/>\n<meta property=\"article:modified_time\" content=\"2026-04-30T09:09:19+00:00\" \/>\n<meta property=\"og:image\" content=\"https:\/\/lauraverdugodelrey.com\/wp-content\/uploads\/2026\/04\/056.jpg\" \/>\n\t<meta property=\"og:image:width\" content=\"1920\" \/>\n\t<meta property=\"og:image:height\" content=\"1280\" \/>\n\t<meta property=\"og:image:type\" content=\"image\/jpeg\" \/>\n<meta name=\"twitter:card\" content=\"summary_large_image\" \/>\n<meta name=\"twitter:label1\" content=\"Est. reading time\" \/>\n\t<meta name=\"twitter:data1\" content=\"3 minutes\" \/>\n<script type=\"application\/ld+json\" class=\"yoast-schema-graph\">{\"@context\":\"https:\\\/\\\/schema.org\",\"@graph\":[{\"@type\":\"WebPage\",\"@id\":\"https:\\\/\\\/lauraverdugodelrey.com\\\/en\\\/about-me\\\/\",\"url\":\"https:\\\/\\\/lauraverdugodelrey.com\\\/en\\\/about-me\\\/\",\"name\":\"Laura Verdugo del Rey | Biography \u00b7 Concert Guitarist\",\"isPartOf\":{\"@id\":\"https:\\\/\\\/lauraverdugodelrey.com\\\/en\\\/#website\"},\"primaryImageOfPage\":{\"@id\":\"https:\\\/\\\/lauraverdugodelrey.com\\\/en\\\/about-me\\\/#primaryimage\"},\"image\":{\"@id\":\"https:\\\/\\\/lauraverdugodelrey.com\\\/en\\\/about-me\\\/#primaryimage\"},\"thumbnailUrl\":\"https:\\\/\\\/lauraverdugodelrey.com\\\/wp-content\\\/uploads\\\/2026\\\/04\\\/056.jpg\",\"datePublished\":\"2017-02-08T22:35:46+00:00\",\"dateModified\":\"2026-04-30T09:09:19+00:00\",\"description\":\"Laura Verdugo del Rey, international classical concert guitarist, award-winner in international competitions. Learn about her artistic career.\",\"breadcrumb\":{\"@id\":\"https:\\\/\\\/lauraverdugodelrey.com\\\/en\\\/about-me\\\/#breadcrumb\"},\"inLanguage\":\"en-US\",\"potentialAction\":[{\"@type\":\"ReadAction\",\"target\":[\"https:\\\/\\\/lauraverdugodelrey.com\\\/en\\\/about-me\\\/\"]}]},{\"@type\":\"ImageObject\",\"inLanguage\":\"en-US\",\"@id\":\"https:\\\/\\\/lauraverdugodelrey.com\\\/en\\\/about-me\\\/#primaryimage\",\"url\":\"https:\\\/\\\/lauraverdugodelrey.com\\\/wp-content\\\/uploads\\\/2026\\\/04\\\/056.jpg\",\"contentUrl\":\"https:\\\/\\\/lauraverdugodelrey.com\\\/wp-content\\\/uploads\\\/2026\\\/04\\\/056.jpg\",\"width\":1920,\"height\":1280,\"caption\":\"Laura Verdugo del Rey con guitarra cl\u00e1sica en retrato fotogr\u00e1fico en exterior\"},{\"@type\":\"BreadcrumbList\",\"@id\":\"https:\\\/\\\/lauraverdugodelrey.com\\\/en\\\/about-me\\\/#breadcrumb\",\"itemListElement\":[{\"@type\":\"ListItem\",\"position\":1,\"name\":\"Portada\",\"item\":\"https:\\\/\\\/lauraverdugodelrey.com\\\/en\\\/\"},{\"@type\":\"ListItem\",\"position\":2,\"name\":\"ABOUT ME\"}]},{\"@type\":\"WebSite\",\"@id\":\"https:\\\/\\\/lauraverdugodelrey.com\\\/en\\\/#website\",\"url\":\"https:\\\/\\\/lauraverdugodelrey.com\\\/en\\\/\",\"name\":\"Laura Verdugo del Rey | Concert Guitarist\",\"description\":\"Concert guitarist\",\"publisher\":{\"@id\":\"https:\\\/\\\/lauraverdugodelrey.com\\\/en\\\/#\\\/schema\\\/person\\\/561b76e66913d3b237497997cc937c19\"},\"alternateName\":\"Laura Verdugo del Rey\",\"potentialAction\":[{\"@type\":\"SearchAction\",\"target\":{\"@type\":\"EntryPoint\",\"urlTemplate\":\"https:\\\/\\\/lauraverdugodelrey.com\\\/en\\\/?s={search_term_string}\"},\"query-input\":{\"@type\":\"PropertyValueSpecification\",\"valueRequired\":true,\"valueName\":\"search_term_string\"}}],\"inLanguage\":\"en-US\"},{\"@type\":[\"Person\",\"Organization\"],\"@id\":\"https:\\\/\\\/lauraverdugodelrey.com\\\/en\\\/#\\\/schema\\\/person\\\/561b76e66913d3b237497997cc937c19\",\"name\":\"Laura Verdugo del Rey\",\"image\":{\"@type\":\"ImageObject\",\"inLanguage\":\"en-US\",\"@id\":\"https:\\\/\\\/lauraverdugodelrey.com\\\/wp-content\\\/uploads\\\/2026\\\/04\\\/cropped-Captura-de-pantalla-2026-04-20-a-las-22.32.01-1.png\",\"url\":\"https:\\\/\\\/lauraverdugodelrey.com\\\/wp-content\\\/uploads\\\/2026\\\/04\\\/cropped-Captura-de-pantalla-2026-04-20-a-las-22.32.01-1.png\",\"contentUrl\":\"https:\\\/\\\/lauraverdugodelrey.com\\\/wp-content\\\/uploads\\\/2026\\\/04\\\/cropped-Captura-de-pantalla-2026-04-20-a-las-22.32.01-1.png\",\"width\":512,\"height\":512,\"caption\":\"Laura Verdugo del Rey\"},\"logo\":{\"@id\":\"https:\\\/\\\/lauraverdugodelrey.com\\\/wp-content\\\/uploads\\\/2026\\\/04\\\/cropped-Captura-de-pantalla-2026-04-20-a-las-22.32.01-1.png\"}}]}<\/script>\n<!-- \/ Yoast SEO plugin. -->","yoast_head_json":{"title":"Laura Verdugo del Rey | Biography \u00b7 Concert Guitarist","description":"Laura Verdugo del Rey, international classical concert guitarist, award-winner in international competitions. Learn about her artistic career.","robots":{"index":"index","follow":"follow","max-snippet":"max-snippet:-1","max-image-preview":"max-image-preview:large","max-video-preview":"max-video-preview:-1"},"canonical":"https:\/\/lauraverdugodelrey.com\/en\/about-me\/","og_locale":"en_US","og_type":"article","og_title":"Laura Verdugo del Rey | Classical Guitarist","og_description":"Biography of international classical concert guitarist Laura Verdugo del Rey. Awards, concerts, teaching, and directorship of the Madrid International Guitar Festival.","og_url":"https:\/\/lauraverdugodelrey.com\/en\/about-me\/","og_site_name":"Laura Verdugo del Rey","article_modified_time":"2026-04-30T09:09:19+00:00","og_image":[{"width":1920,"height":1280,"url":"https:\/\/lauraverdugodelrey.com\/wp-content\/uploads\/2026\/04\/056.jpg","type":"image\/jpeg"}],"twitter_card":"summary_large_image","twitter_misc":{"Est. reading time":"3 minutes"},"schema":{"@context":"https:\/\/schema.org","@graph":[{"@type":"WebPage","@id":"https:\/\/lauraverdugodelrey.com\/en\/about-me\/","url":"https:\/\/lauraverdugodelrey.com\/en\/about-me\/","name":"Laura Verdugo del Rey | Biography \u00b7 Concert Guitarist","isPartOf":{"@id":"https:\/\/lauraverdugodelrey.com\/en\/#website"},"primaryImageOfPage":{"@id":"https:\/\/lauraverdugodelrey.com\/en\/about-me\/#primaryimage"},"image":{"@id":"https:\/\/lauraverdugodelrey.com\/en\/about-me\/#primaryimage"},"thumbnailUrl":"https:\/\/lauraverdugodelrey.com\/wp-content\/uploads\/2026\/04\/056.jpg","datePublished":"2017-02-08T22:35:46+00:00","dateModified":"2026-04-30T09:09:19+00:00","description":"Laura Verdugo del Rey, international classical concert guitarist, award-winner in international competitions. Learn about her artistic career.","breadcrumb":{"@id":"https:\/\/lauraverdugodelrey.com\/en\/about-me\/#breadcrumb"},"inLanguage":"en-US","potentialAction":[{"@type":"ReadAction","target":["https:\/\/lauraverdugodelrey.com\/en\/about-me\/"]}]},{"@type":"ImageObject","inLanguage":"en-US","@id":"https:\/\/lauraverdugodelrey.com\/en\/about-me\/#primaryimage","url":"https:\/\/lauraverdugodelrey.com\/wp-content\/uploads\/2026\/04\/056.jpg","contentUrl":"https:\/\/lauraverdugodelrey.com\/wp-content\/uploads\/2026\/04\/056.jpg","width":1920,"height":1280,"caption":"Laura Verdugo del Rey con guitarra cl\u00e1sica en retrato fotogr\u00e1fico en exterior"},{"@type":"BreadcrumbList","@id":"https:\/\/lauraverdugodelrey.com\/en\/about-me\/#breadcrumb","itemListElement":[{"@type":"ListItem","position":1,"name":"Portada","item":"https:\/\/lauraverdugodelrey.com\/en\/"},{"@type":"ListItem","position":2,"name":"ABOUT ME"}]},{"@type":"WebSite","@id":"https:\/\/lauraverdugodelrey.com\/en\/#website","url":"https:\/\/lauraverdugodelrey.com\/en\/","name":"Laura Verdugo del Rey | Concert Guitarist","description":"Concert guitarist","publisher":{"@id":"https:\/\/lauraverdugodelrey.com\/en\/#\/schema\/person\/561b76e66913d3b237497997cc937c19"},"alternateName":"Laura Verdugo del Rey","potentialAction":[{"@type":"SearchAction","target":{"@type":"EntryPoint","urlTemplate":"https:\/\/lauraverdugodelrey.com\/en\/?s={search_term_string}"},"query-input":{"@type":"PropertyValueSpecification","valueRequired":true,"valueName":"search_term_string"}}],"inLanguage":"en-US"},{"@type":["Person","Organization"],"@id":"https:\/\/lauraverdugodelrey.com\/en\/#\/schema\/person\/561b76e66913d3b237497997cc937c19","name":"Laura Verdugo del Rey","image":{"@type":"ImageObject","inLanguage":"en-US","@id":"https:\/\/lauraverdugodelrey.com\/wp-content\/uploads\/2026\/04\/cropped-Captura-de-pantalla-2026-04-20-a-las-22.32.01-1.png","url":"https:\/\/lauraverdugodelrey.com\/wp-content\/uploads\/2026\/04\/cropped-Captura-de-pantalla-2026-04-20-a-las-22.32.01-1.png","contentUrl":"https:\/\/lauraverdugodelrey.com\/wp-content\/uploads\/2026\/04\/cropped-Captura-de-pantalla-2026-04-20-a-las-22.32.01-1.png","width":512,"height":512,"caption":"Laura Verdugo del Rey"},"logo":{"@id":"https:\/\/lauraverdugodelrey.com\/wp-content\/uploads\/2026\/04\/cropped-Captura-de-pantalla-2026-04-20-a-las-22.32.01-1.png"}}]}},"_links":{"self":[{"href":"https:\/\/lauraverdugodelrey.com\/en\/wp-json\/wp\/v2\/pages\/233875","targetHints":{"allow":["GET"]}}],"collection":[{"href":"https:\/\/lauraverdugodelrey.com\/en\/wp-json\/wp\/v2\/pages"}],"about":[{"href":"https:\/\/lauraverdugodelrey.com\/en\/wp-json\/wp\/v2\/types\/page"}],"author":[{"embeddable":true,"href":"https:\/\/lauraverdugodelrey.com\/en\/wp-json\/wp\/v2\/users\/1"}],"replies":[{"embeddable":true,"href":"https:\/\/lauraverdugodelrey.com\/en\/wp-json\/wp\/v2\/comments?post=233875"}],"version-history":[{"count":19,"href":"https:\/\/lauraverdugodelrey.com\/en\/wp-json\/wp\/v2\/pages\/233875\/revisions"}],"predecessor-version":[{"id":234145,"href":"https:\/\/lauraverdugodelrey.com\/en\/wp-json\/wp\/v2\/pages\/233875\/revisions\/234145"}],"wp:featuredmedia":[{"embeddable":true,"href":"https:\/\/lauraverdugodelrey.com\/en\/wp-json\/wp\/v2\/media\/234090"}],"wp:attachment":[{"href":"https:\/\/lauraverdugodelrey.com\/en\/wp-json\/wp\/v2\/media?parent=233875"}],"curies":[{"name":"wp","href":"https:\/\/api.w.org\/{rel}","templated":true}]}}