{"id":233870,"date":"2017-02-08T23:36:22","date_gmt":"2017-02-08T22:36:22","guid":{"rendered":"https:\/\/lauraverdugodelrey.com\/contact\/"},"modified":"2026-04-29T20:47:41","modified_gmt":"2026-04-29T18:47:41","slug":"contact","status":"publish","type":"page","link":"https:\/\/lauraverdugodelrey.com\/en\/contact\/","title":{"rendered":"Contact"},"content":{"rendered":"<p>[et_pb_section fb_built=&#8221;1&#8243; admin_label=&#8221;section&#8221; _builder_version=&#8221;4.27.6&#8243; background_image=&#8221;https:\/\/lauraverdugodelrey.com\/wp-content\/uploads\/2026\/04\/246-scaled.jpg&#8221; parallax=&#8221;on&#8221; custom_margin=&#8221;5px||||false|false&#8221; custom_margin_tablet=&#8221;5px||||false|false&#8221; custom_margin_phone=&#8221;179px||||false|false&#8221; custom_margin_last_edited=&#8221;on|phone&#8221; custom_padding=&#8221;28%||7%||false|false&#8221; background_last_edited=&#8221;on|phone&#8221; parallax_phone=&#8221;off&#8221; transparent_background=&#8221;off&#8221; locked=&#8221;off&#8221; global_colors_info=&#8221;{}&#8221;][et_pb_row admin_label=&#8221;row&#8221; _builder_version=&#8221;4.27.6&#8243; background_color=&#8221;rgba(255,255,255,0.84)&#8221; background_size=&#8221;initial&#8221; background_position=&#8221;top_left&#8221; background_repeat=&#8221;repeat&#8221; vertical_offset=&#8221;-132px&#8221; horizontal_offset=&#8221;228px&#8221; vertical_offset_tablet=&#8221;-132px&#8221; vertical_offset_phone=&#8221;-132px&#8221; vertical_offset_last_edited=&#8221;on|phone&#8221; horizontal_offset_tablet=&#8221;228px&#8221; horizontal_offset_phone=&#8221;89px&#8221; horizontal_offset_last_edited=&#8221;on|phone&#8221; max_width=&#8221;500px&#8221; custom_padding=&#8221;42px|0px|0px|0px||&#8221; background_last_edited=&#8221;on|phone&#8221; background_enable_color_phone=&#8221;off&#8221; use_custom_width=&#8221;on&#8221; custom_width_px=&#8221;500px&#8221; global_colors_info=&#8221;{}&#8221;][et_pb_column type=&#8221;4_4&#8243; _builder_version=&#8221;4.16&#8243; custom_padding=&#8221;5%|5%|5%|5%&#8221; global_colors_info=&#8221;{}&#8221; custom_padding__hover=&#8221;|||&#8221;][et_pb_text admin_label=&#8221;INFO&#8221; _builder_version=&#8221;4.27.6&#8243; text_font=&#8221;Cardo||||&#8221; text_font_size=&#8221;36&#8243; text_letter_spacing=&#8221;2px&#8221; background_size=&#8221;initial&#8221; background_position=&#8221;top_left&#8221; background_repeat=&#8221;repeat&#8221; text_orientation=&#8221;center&#8221; module_alignment=&#8221;center&#8221; custom_padding=&#8221;||25px|&#8221; hover_enabled=&#8221;0&#8243; text_font_size_tablet=&#8221;36&#8243; text_font_size_phone=&#8221;33px&#8221; text_font_size_last_edited=&#8221;on|phone&#8221; background_layout_tablet=&#8221;&#8221; background_layout_phone=&#8221;dark&#8221; background_layout_last_edited=&#8221;on|desktop&#8221; use_border_color=&#8221;off&#8221; border_style=&#8221;solid&#8221; global_colors_info=&#8221;{}&#8221; sticky_enabled=&#8221;0&#8243;]<\/p>\n<p>Contact<\/p>\n<p>[\/et_pb_text][et_pb_divider color=&#8221;#f6decf&#8221; divider_weight=&#8221;3px&#8221; admin_label=&#8221;Divider&#8221; _builder_version=&#8221;4.16&#8243; height=&#8221;20px&#8221; custom_css_main_element=&#8221;margin-left: 47%;||margin-right: 47%;&#8221; hide_on_mobile=&#8221;off&#8221; global_colors_info=&#8221;{}&#8221;][\/et_pb_divider][\/et_pb_column][\/et_pb_row][\/et_pb_section][et_pb_section fb_built=&#8221;1&#8243; admin_label=&#8221;Section&#8221; _builder_version=&#8221;4.16&#8243; custom_padding=&#8221;94px|0px|73px|0px&#8221; transparent_background=&#8221;off&#8221; global_colors_info=&#8221;{}&#8221;][et_pb_row column_structure=&#8221;1_2,1_2&#8243; admin_label=&#8221;Row&#8221; _builder_version=&#8221;4.16&#8243; background_size=&#8221;initial&#8221; background_position=&#8221;top_left&#8221; background_repeat=&#8221;repeat&#8221; custom_padding=&#8221;0px|0px|27px|0px&#8221; global_colors_info=&#8221;{}&#8221;][et_pb_column type=&#8221;1_2&#8243; _builder_version=&#8221;4.16&#8243; custom_padding=&#8221;|||&#8221; global_colors_info=&#8221;{}&#8221; custom_padding__hover=&#8221;|||&#8221;][et_pb_image src=&#8221;https:\/\/lauraverdugodelrey.com\/wp-content\/uploads\/2026\/04\/178-1.jpg&#8221; title_text=&#8221;Laura Verdugo del Rey con guitarra cl\u00e1sica \u2013 retrato art\u00edstico contempor\u00e1neo&#8221; align=&#8221;center&#8221; align_tablet=&#8221;center&#8221; align_phone=&#8221;&#8221; align_last_edited=&#8221;on|desktop&#8221; disabled_on=&#8221;on|off|off&#8221; admin_label=&#8221;Image&#8221; _builder_version=&#8221;4.27.6&#8243; animation_style=&#8221;slide&#8221; animation_direction=&#8221;left&#8221; animation_duration=&#8221;500ms&#8221; animation_intensity_slide=&#8221;1%&#8221; hover_enabled=&#8221;0&#8243; use_border_color=&#8221;off&#8221; border_color=&#8221;#ffffff&#8221; border_width=&#8221;1px&#8221; border_style=&#8221;solid&#8221; sticky=&#8221;off&#8221; global_colors_info=&#8221;{}&#8221; alt=&#8221;Laura Verdugo del Rey guitarrista cl\u00e1sica con guitarra espa\u00f1ola en retrato art\u00edstico elegante&#8221; sticky_enabled=&#8221;0&#8243;][\/et_pb_image][\/et_pb_column][et_pb_column type=&#8221;1_2&#8243; _builder_version=&#8221;4.16&#8243; custom_padding=&#8221;|5%||5%&#8221; custom_padding_tablet=&#8221;&#8221; custom_padding_phone=&#8221;&#8221; custom_padding_last_edited=&#8221;on|desktop&#8221; global_colors_info=&#8221;{}&#8221; padding_last_edited=&#8221;on|desktop&#8221; custom_padding__hover=&#8221;|||&#8221;][et_pb_text admin_label=&#8221;WE&#8217;D LOVE TO CHAT&#8221; _builder_version=&#8221;4.27.6&#8243; text_font=&#8221;Abel||||&#8221; text_font_size=&#8221;24px&#8221; text_letter_spacing=&#8221;1px&#8221; background_size=&#8221;initial&#8221; background_position=&#8221;top_left&#8221; background_repeat=&#8221;repeat&#8221; text_orientation=&#8221;center&#8221; module_alignment=&#8221;center&#8221; custom_padding=&#8221;50px|||&#8221; use_border_color=&#8221;off&#8221; border_color=&#8221;#f6decf&#8221; border_style=&#8221;solid&#8221; global_colors_info=&#8221;{}&#8221;]<\/p>\n<p>Write to me<\/p>\n<p>[\/et_pb_text][et_pb_divider color=&#8221;#f6decf&#8221; divider_weight=&#8221;3px&#8221; admin_label=&#8221;Divider&#8221; _builder_version=&#8221;4.16&#8243; height=&#8221;20px&#8221; custom_css_main_element=&#8221;margin-left: 45%;||margin-right: 45%;&#8221; hide_on_mobile=&#8221;off&#8221; global_colors_info=&#8221;{}&#8221;][\/et_pb_divider][et_pb_text admin_label=&#8221;Paragraph&#8221; _builder_version=&#8221;4.27.6&#8243; background_size=&#8221;initial&#8221; background_position=&#8221;top_left&#8221; background_repeat=&#8221;repeat&#8221; text_orientation=&#8221;center&#8221; module_alignment=&#8221;center&#8221; use_border_color=&#8221;off&#8221; border_style=&#8221;solid&#8221; global_colors_info=&#8221;{}&#8221;]<\/p>\n<p>I will respond as soon as possible<\/p>\n<p>[\/et_pb_text][et_pb_contact_form captcha=&#8221;off&#8221; email=&#8221;lauraverdugodelrey@gmail.com&#8221; admin_label=&#8221;Contact Form&#8221; module_id=&#8221;et_pb_contact_form_0&#8243; _builder_version=&#8221;4.27.6&#8243; _unique_id=&#8221;de50101e-7f7b-4e56-a4b1-7972e071d292&#8243; form_field_background_color=&#8221;#ffffff&#8221; form_field_text_color=&#8221;#000000&#8243; title_font=&#8221;||||||||&#8221; form_field_font=&#8221;Abel||||&#8221; form_field_font_size=&#8221;16&#8243; form_field_letter_spacing=&#8221;1px&#8221; custom_button=&#8221;on&#8221; button_text_size=&#8221;24&#8243; button_border_radius=&#8221;0&#8243; button_letter_spacing=&#8221;0&#8243; button_icon=&#8221;&#x45;||divi||400&#8243; button_icon_color=&#8221;#f6decf&#8221; button_icon_placement=&#8221;left&#8221; button_on_hover=&#8221;off&#8221; custom_css_contact_button=&#8221;font-family: lemon-tuesday;&#8221; border_radii=&#8221;on|0px|0px|0px|0px&#8221; border_width_all=&#8221;1px&#8221; border_color_all=&#8221;#000000&#8243; border_style_all=&#8221;solid&#8221; use_border_color=&#8221;on&#8221; border_color=&#8221;#000000&#8243; border_width=&#8221;1px&#8221; border_style=&#8221;solid&#8221; input_border_radius=&#8221;0&#8243; form_background_color=&#8221;#ffffff&#8221; global_colors_info=&#8221;{}&#8221;][et_pb_contact_field field_id=&#8221;Nombre&#8221; field_title=&#8221;Name&#8221; fullwidth_field=&#8221;on&#8221; _builder_version=&#8221;4.27.6&#8243; form_field_font=&#8221;||||&#8221; border_radii=&#8221;on|0px|0px|0px|0px&#8221; use_border_color=&#8221;off&#8221; border_style=&#8221;solid&#8221; input_border_radius=&#8221;0&#8243; global_colors_info=&#8221;{}&#8221; button_text_size__hover_enabled=&#8221;off&#8221; button_one_text_size__hover_enabled=&#8221;off&#8221; button_two_text_size__hover_enabled=&#8221;off&#8221; button_text_color__hover_enabled=&#8221;off&#8221; button_one_text_color__hover_enabled=&#8221;off&#8221; button_two_text_color__hover_enabled=&#8221;off&#8221; button_border_width__hover_enabled=&#8221;off&#8221; button_one_border_width__hover_enabled=&#8221;off&#8221; button_two_border_width__hover_enabled=&#8221;off&#8221; button_border_color__hover_enabled=&#8221;off&#8221; button_one_border_color__hover_enabled=&#8221;off&#8221; button_two_border_color__hover_enabled=&#8221;off&#8221; button_border_radius__hover_enabled=&#8221;off&#8221; button_one_border_radius__hover_enabled=&#8221;off&#8221; button_two_border_radius__hover_enabled=&#8221;off&#8221; button_letter_spacing__hover_enabled=&#8221;off&#8221; button_one_letter_spacing__hover_enabled=&#8221;off&#8221; button_two_letter_spacing__hover_enabled=&#8221;off&#8221; button_bg_color__hover_enabled=&#8221;off&#8221; button_one_bg_color__hover_enabled=&#8221;off&#8221; button_two_bg_color__hover_enabled=&#8221;off&#8221;] [\/et_pb_contact_field][et_pb_contact_field field_id=&#8221;Tel\u00e9fono&#8221; field_title=&#8221;Phone&#8221; fullwidth_field=&#8221;on&#8221; _builder_version=&#8221;4.27.6&#8243; form_field_font=&#8221;||||&#8221; border_radii=&#8221;on|0px|0px|0px|0px&#8221; use_border_color=&#8221;off&#8221; border_style=&#8221;solid&#8221; input_border_radius=&#8221;0&#8243; global_colors_info=&#8221;{}&#8221; button_text_size__hover_enabled=&#8221;off&#8221; button_one_text_size__hover_enabled=&#8221;off&#8221; button_two_text_size__hover_enabled=&#8221;off&#8221; button_text_color__hover_enabled=&#8221;off&#8221; button_one_text_color__hover_enabled=&#8221;off&#8221; button_two_text_color__hover_enabled=&#8221;off&#8221; button_border_width__hover_enabled=&#8221;off&#8221; button_one_border_width__hover_enabled=&#8221;off&#8221; button_two_border_width__hover_enabled=&#8221;off&#8221; button_border_color__hover_enabled=&#8221;off&#8221; button_one_border_color__hover_enabled=&#8221;off&#8221; button_two_border_color__hover_enabled=&#8221;off&#8221; button_border_radius__hover_enabled=&#8221;off&#8221; button_one_border_radius__hover_enabled=&#8221;off&#8221; button_two_border_radius__hover_enabled=&#8221;off&#8221; button_letter_spacing__hover_enabled=&#8221;off&#8221; button_one_letter_spacing__hover_enabled=&#8221;off&#8221; button_two_letter_spacing__hover_enabled=&#8221;off&#8221; button_bg_color__hover_enabled=&#8221;off&#8221; button_one_bg_color__hover_enabled=&#8221;off&#8221; button_two_bg_color__hover_enabled=&#8221;off&#8221;] [\/et_pb_contact_field][et_pb_contact_field field_id=&#8221;Email&#8221; field_title=&#8221;Email Address&#8221; field_type=&#8221;email&#8221; fullwidth_field=&#8221;on&#8221; _builder_version=&#8221;4.16&#8243; form_field_font=&#8221;||||&#8221; border_radii=&#8221;on|0px|0px|0px|0px&#8221; use_border_color=&#8221;off&#8221; border_style=&#8221;solid&#8221; input_border_radius=&#8221;0&#8243; global_colors_info=&#8221;{}&#8221; button_text_size__hover_enabled=&#8221;off&#8221; button_one_text_size__hover_enabled=&#8221;off&#8221; button_two_text_size__hover_enabled=&#8221;off&#8221; button_text_color__hover_enabled=&#8221;off&#8221; button_one_text_color__hover_enabled=&#8221;off&#8221; button_two_text_color__hover_enabled=&#8221;off&#8221; button_border_width__hover_enabled=&#8221;off&#8221; button_one_border_width__hover_enabled=&#8221;off&#8221; button_two_border_width__hover_enabled=&#8221;off&#8221; button_border_color__hover_enabled=&#8221;off&#8221; button_one_border_color__hover_enabled=&#8221;off&#8221; button_two_border_color__hover_enabled=&#8221;off&#8221; button_border_radius__hover_enabled=&#8221;off&#8221; button_one_border_radius__hover_enabled=&#8221;off&#8221; button_two_border_radius__hover_enabled=&#8221;off&#8221; button_letter_spacing__hover_enabled=&#8221;off&#8221; button_one_letter_spacing__hover_enabled=&#8221;off&#8221; button_two_letter_spacing__hover_enabled=&#8221;off&#8221; button_bg_color__hover_enabled=&#8221;off&#8221; button_one_bg_color__hover_enabled=&#8221;off&#8221; button_two_bg_color__hover_enabled=&#8221;off&#8221;] [\/et_pb_contact_field][et_pb_contact_field field_id=&#8221;Mensaje&#8221; field_title=&#8221;Message&#8221; field_type=&#8221;text&#8221; fullwidth_field=&#8221;on&#8221; _builder_version=&#8221;4.27.6&#8243; border_radii=&#8221;on|0px|0px|0px|0px&#8221; input_border_radius=&#8221;0&#8243; global_colors_info=&#8221;{}&#8221; button_text_size__hover_enabled=&#8221;off&#8221; button_one_text_size__hover_enabled=&#8221;off&#8221; button_two_text_size__hover_enabled=&#8221;off&#8221; button_text_color__hover_enabled=&#8221;off&#8221; button_one_text_color__hover_enabled=&#8221;off&#8221; button_two_text_color__hover_enabled=&#8221;off&#8221; button_border_width__hover_enabled=&#8221;off&#8221; button_one_border_width__hover_enabled=&#8221;off&#8221; button_two_border_width__hover_enabled=&#8221;off&#8221; button_border_color__hover_enabled=&#8221;off&#8221; button_one_border_color__hover_enabled=&#8221;off&#8221; button_two_border_color__hover_enabled=&#8221;off&#8221; button_border_radius__hover_enabled=&#8221;off&#8221; button_one_border_radius__hover_enabled=&#8221;off&#8221; button_two_border_radius__hover_enabled=&#8221;off&#8221; button_letter_spacing__hover_enabled=&#8221;off&#8221; button_one_letter_spacing__hover_enabled=&#8221;off&#8221; button_two_letter_spacing__hover_enabled=&#8221;off&#8221; button_bg_color__hover_enabled=&#8221;off&#8221; button_one_bg_color__hover_enabled=&#8221;off&#8221; button_two_bg_color__hover_enabled=&#8221;off&#8221;] [\/et_pb_contact_field][\/et_pb_contact_form][\/et_pb_column][\/et_pb_row][\/et_pb_section]<\/p>\n","protected":false},"excerpt":{"rendered":"<p>ContactWrite to meI will respond as soon as possible<\/p>\n","protected":false},"author":1,"featured_media":234102,"parent":0,"menu_order":0,"comment_status":"closed","ping_status":"closed","template":"","meta":{"_et_pb_use_builder":"on","_et_pb_old_content":"","_et_gb_content_width":"","footnotes":""},"class_list":["post-233870","page","type-page","status-publish","has-post-thumbnail","hentry"],"yoast_head":"<!-- This site is optimized with the Yoast SEO plugin v27.5 - https:\/\/yoast.com\/product\/yoast-seo-wordpress\/ -->\n<title>Contact | Laura Verdugo del Rey \u00b7 Classical Guitar Performer<\/title>\n<meta name=\"description\" content=\"Contact for concerts, masterclasses, and artistic projects with classical guitar performer Laura Verdugo del Rey.\" \/>\n<meta name=\"robots\" content=\"index, follow, max-snippet:-1, max-image-preview:large, max-video-preview:-1\" \/>\n<link rel=\"canonical\" href=\"https:\/\/lauraverdugodelrey.com\/en\/contact\/\" \/>\n<meta property=\"og:locale\" content=\"en_US\" \/>\n<meta property=\"og:type\" content=\"article\" \/>\n<meta property=\"og:title\" content=\"Contact | Laura Verdugo del Rey \u00b7 Classical Guitar Performer\" \/>\n<meta property=\"og:description\" content=\"Contact for concerts, festivals, masterclasses, and musical projects with classical guitar performer Laura Verdugo del Rey.\" \/>\n<meta property=\"og:url\" content=\"https:\/\/lauraverdugodelrey.com\/en\/contact\/\" \/>\n<meta property=\"og:site_name\" content=\"Laura Verdugo del Rey\" \/>\n<meta property=\"article:modified_time\" content=\"2026-04-29T18:47:41+00:00\" \/>\n<meta property=\"og:image\" content=\"https:\/\/lauraverdugodelrey.com\/wp-content\/uploads\/2026\/04\/lv-bloque2_11zon-1024x680-1.jpeg\" \/>\n<meta name=\"twitter:card\" content=\"summary_large_image\" \/>\n<meta name=\"twitter:label1\" content=\"Est. reading time\" \/>\n\t<meta name=\"twitter:data1\" content=\"8 minutes\" \/>\n<script type=\"application\/ld+json\" class=\"yoast-schema-graph\">{\"@context\":\"https:\\\/\\\/schema.org\",\"@graph\":[{\"@type\":\"WebPage\",\"@id\":\"https:\\\/\\\/lauraverdugodelrey.com\\\/en\\\/contact\\\/\",\"url\":\"https:\\\/\\\/lauraverdugodelrey.com\\\/en\\\/contact\\\/\",\"name\":\"Contact | Laura Verdugo del Rey \u00b7 Classical Guitar Performer\",\"isPartOf\":{\"@id\":\"https:\\\/\\\/lauraverdugodelrey.com\\\/en\\\/#website\"},\"primaryImageOfPage\":{\"@id\":\"https:\\\/\\\/lauraverdugodelrey.com\\\/en\\\/contact\\\/#primaryimage\"},\"image\":{\"@id\":\"https:\\\/\\\/lauraverdugodelrey.com\\\/en\\\/contact\\\/#primaryimage\"},\"thumbnailUrl\":\"https:\\\/\\\/lauraverdugodelrey.com\\\/wp-content\\\/uploads\\\/2026\\\/04\\\/246-scaled.jpg\",\"datePublished\":\"2017-02-08T22:36:22+00:00\",\"dateModified\":\"2026-04-29T18:47:41+00:00\",\"description\":\"Contact for concerts, masterclasses, and artistic projects with classical guitar performer Laura Verdugo del Rey.\",\"breadcrumb\":{\"@id\":\"https:\\\/\\\/lauraverdugodelrey.com\\\/en\\\/contact\\\/#breadcrumb\"},\"inLanguage\":\"en-US\",\"potentialAction\":[{\"@type\":\"ReadAction\",\"target\":[\"https:\\\/\\\/lauraverdugodelrey.com\\\/en\\\/contact\\\/\"]}]},{\"@type\":\"ImageObject\",\"inLanguage\":\"en-US\",\"@id\":\"https:\\\/\\\/lauraverdugodelrey.com\\\/en\\\/contact\\\/#primaryimage\",\"url\":\"https:\\\/\\\/lauraverdugodelrey.com\\\/wp-content\\\/uploads\\\/2026\\\/04\\\/246-scaled.jpg\",\"contentUrl\":\"https:\\\/\\\/lauraverdugodelrey.com\\\/wp-content\\\/uploads\\\/2026\\\/04\\\/246-scaled.jpg\",\"width\":2560,\"height\":1707,\"caption\":\"Laura Verdugo del Rey, una mirada personal hacia la interpretaci\u00f3n de la guitarra cl\u00e1sica.\"},{\"@type\":\"BreadcrumbList\",\"@id\":\"https:\\\/\\\/lauraverdugodelrey.com\\\/en\\\/contact\\\/#breadcrumb\",\"itemListElement\":[{\"@type\":\"ListItem\",\"position\":1,\"name\":\"Portada\",\"item\":\"https:\\\/\\\/lauraverdugodelrey.com\\\/en\\\/\"},{\"@type\":\"ListItem\",\"position\":2,\"name\":\"Contact\"}]},{\"@type\":\"WebSite\",\"@id\":\"https:\\\/\\\/lauraverdugodelrey.com\\\/en\\\/#website\",\"url\":\"https:\\\/\\\/lauraverdugodelrey.com\\\/en\\\/\",\"name\":\"Laura Verdugo del Rey | Concert Guitarist\",\"description\":\"Concert guitarist\",\"publisher\":{\"@id\":\"https:\\\/\\\/lauraverdugodelrey.com\\\/en\\\/#\\\/schema\\\/person\\\/561b76e66913d3b237497997cc937c19\"},\"alternateName\":\"Laura Verdugo del Rey\",\"potentialAction\":[{\"@type\":\"SearchAction\",\"target\":{\"@type\":\"EntryPoint\",\"urlTemplate\":\"https:\\\/\\\/lauraverdugodelrey.com\\\/en\\\/?s={search_term_string}\"},\"query-input\":{\"@type\":\"PropertyValueSpecification\",\"valueRequired\":true,\"valueName\":\"search_term_string\"}}],\"inLanguage\":\"en-US\"},{\"@type\":[\"Person\",\"Organization\"],\"@id\":\"https:\\\/\\\/lauraverdugodelrey.com\\\/en\\\/#\\\/schema\\\/person\\\/561b76e66913d3b237497997cc937c19\",\"name\":\"Laura Verdugo del Rey\",\"image\":{\"@type\":\"ImageObject\",\"inLanguage\":\"en-US\",\"@id\":\"https:\\\/\\\/lauraverdugodelrey.com\\\/wp-content\\\/uploads\\\/2026\\\/04\\\/cropped-Captura-de-pantalla-2026-04-20-a-las-22.32.01-1.png\",\"url\":\"https:\\\/\\\/lauraverdugodelrey.com\\\/wp-content\\\/uploads\\\/2026\\\/04\\\/cropped-Captura-de-pantalla-2026-04-20-a-las-22.32.01-1.png\",\"contentUrl\":\"https:\\\/\\\/lauraverdugodelrey.com\\\/wp-content\\\/uploads\\\/2026\\\/04\\\/cropped-Captura-de-pantalla-2026-04-20-a-las-22.32.01-1.png\",\"width\":512,\"height\":512,\"caption\":\"Laura Verdugo del Rey\"},\"logo\":{\"@id\":\"https:\\\/\\\/lauraverdugodelrey.com\\\/wp-content\\\/uploads\\\/2026\\\/04\\\/cropped-Captura-de-pantalla-2026-04-20-a-las-22.32.01-1.png\"}}]}<\/script>\n<!-- \/ Yoast SEO plugin. -->","yoast_head_json":{"title":"Contact | Laura Verdugo del Rey \u00b7 Classical Guitar Performer","description":"Contact for concerts, masterclasses, and artistic projects with classical guitar performer Laura Verdugo del Rey.","robots":{"index":"index","follow":"follow","max-snippet":"max-snippet:-1","max-image-preview":"max-image-preview:large","max-video-preview":"max-video-preview:-1"},"canonical":"https:\/\/lauraverdugodelrey.com\/en\/contact\/","og_locale":"en_US","og_type":"article","og_title":"Contact | Laura Verdugo del Rey \u00b7 Classical Guitar Performer","og_description":"Contact for concerts, festivals, masterclasses, and musical projects with classical guitar performer Laura Verdugo del Rey.","og_url":"https:\/\/lauraverdugodelrey.com\/en\/contact\/","og_site_name":"Laura Verdugo del Rey","article_modified_time":"2026-04-29T18:47:41+00:00","og_image":[{"url":"https:\/\/lauraverdugodelrey.com\/wp-content\/uploads\/2026\/04\/lv-bloque2_11zon-1024x680-1.jpeg","type":"","width":"","height":""}],"twitter_card":"summary_large_image","twitter_misc":{"Est. reading time":"8 minutes"},"schema":{"@context":"https:\/\/schema.org","@graph":[{"@type":"WebPage","@id":"https:\/\/lauraverdugodelrey.com\/en\/contact\/","url":"https:\/\/lauraverdugodelrey.com\/en\/contact\/","name":"Contact | Laura Verdugo del Rey \u00b7 Classical Guitar Performer","isPartOf":{"@id":"https:\/\/lauraverdugodelrey.com\/en\/#website"},"primaryImageOfPage":{"@id":"https:\/\/lauraverdugodelrey.com\/en\/contact\/#primaryimage"},"image":{"@id":"https:\/\/lauraverdugodelrey.com\/en\/contact\/#primaryimage"},"thumbnailUrl":"https:\/\/lauraverdugodelrey.com\/wp-content\/uploads\/2026\/04\/246-scaled.jpg","datePublished":"2017-02-08T22:36:22+00:00","dateModified":"2026-04-29T18:47:41+00:00","description":"Contact for concerts, masterclasses, and artistic projects with classical guitar performer Laura Verdugo del Rey.","breadcrumb":{"@id":"https:\/\/lauraverdugodelrey.com\/en\/contact\/#breadcrumb"},"inLanguage":"en-US","potentialAction":[{"@type":"ReadAction","target":["https:\/\/lauraverdugodelrey.com\/en\/contact\/"]}]},{"@type":"ImageObject","inLanguage":"en-US","@id":"https:\/\/lauraverdugodelrey.com\/en\/contact\/#primaryimage","url":"https:\/\/lauraverdugodelrey.com\/wp-content\/uploads\/2026\/04\/246-scaled.jpg","contentUrl":"https:\/\/lauraverdugodelrey.com\/wp-content\/uploads\/2026\/04\/246-scaled.jpg","width":2560,"height":1707,"caption":"Laura Verdugo del Rey, una mirada personal hacia la interpretaci\u00f3n de la guitarra cl\u00e1sica."},{"@type":"BreadcrumbList","@id":"https:\/\/lauraverdugodelrey.com\/en\/contact\/#breadcrumb","itemListElement":[{"@type":"ListItem","position":1,"name":"Portada","item":"https:\/\/lauraverdugodelrey.com\/en\/"},{"@type":"ListItem","position":2,"name":"Contact"}]},{"@type":"WebSite","@id":"https:\/\/lauraverdugodelrey.com\/en\/#website","url":"https:\/\/lauraverdugodelrey.com\/en\/","name":"Laura Verdugo del Rey | Concert Guitarist","description":"Concert guitarist","publisher":{"@id":"https:\/\/lauraverdugodelrey.com\/en\/#\/schema\/person\/561b76e66913d3b237497997cc937c19"},"alternateName":"Laura Verdugo del Rey","potentialAction":[{"@type":"SearchAction","target":{"@type":"EntryPoint","urlTemplate":"https:\/\/lauraverdugodelrey.com\/en\/?s={search_term_string}"},"query-input":{"@type":"PropertyValueSpecification","valueRequired":true,"valueName":"search_term_string"}}],"inLanguage":"en-US"},{"@type":["Person","Organization"],"@id":"https:\/\/lauraverdugodelrey.com\/en\/#\/schema\/person\/561b76e66913d3b237497997cc937c19","name":"Laura Verdugo del Rey","image":{"@type":"ImageObject","inLanguage":"en-US","@id":"https:\/\/lauraverdugodelrey.com\/wp-content\/uploads\/2026\/04\/cropped-Captura-de-pantalla-2026-04-20-a-las-22.32.01-1.png","url":"https:\/\/lauraverdugodelrey.com\/wp-content\/uploads\/2026\/04\/cropped-Captura-de-pantalla-2026-04-20-a-las-22.32.01-1.png","contentUrl":"https:\/\/lauraverdugodelrey.com\/wp-content\/uploads\/2026\/04\/cropped-Captura-de-pantalla-2026-04-20-a-las-22.32.01-1.png","width":512,"height":512,"caption":"Laura Verdugo del Rey"},"logo":{"@id":"https:\/\/lauraverdugodelrey.com\/wp-content\/uploads\/2026\/04\/cropped-Captura-de-pantalla-2026-04-20-a-las-22.32.01-1.png"}}]}},"_links":{"self":[{"href":"https:\/\/lauraverdugodelrey.com\/en\/wp-json\/wp\/v2\/pages\/233870","targetHints":{"allow":["GET"]}}],"collection":[{"href":"https:\/\/lauraverdugodelrey.com\/en\/wp-json\/wp\/v2\/pages"}],"about":[{"href":"https:\/\/lauraverdugodelrey.com\/en\/wp-json\/wp\/v2\/types\/page"}],"author":[{"embeddable":true,"href":"https:\/\/lauraverdugodelrey.com\/en\/wp-json\/wp\/v2\/users\/1"}],"replies":[{"embeddable":true,"href":"https:\/\/lauraverdugodelrey.com\/en\/wp-json\/wp\/v2\/comments?post=233870"}],"version-history":[{"count":6,"href":"https:\/\/lauraverdugodelrey.com\/en\/wp-json\/wp\/v2\/pages\/233870\/revisions"}],"predecessor-version":[{"id":234072,"href":"https:\/\/lauraverdugodelrey.com\/en\/wp-json\/wp\/v2\/pages\/233870\/revisions\/234072"}],"wp:featuredmedia":[{"embeddable":true,"href":"https:\/\/lauraverdugodelrey.com\/en\/wp-json\/wp\/v2\/media\/234102"}],"wp:attachment":[{"href":"https:\/\/lauraverdugodelrey.com\/en\/wp-json\/wp\/v2\/media?parent=233870"}],"curies":[{"name":"wp","href":"https:\/\/api.w.org\/{rel}","templated":true}]}}