{"id":233792,"date":"2026-04-16T12:16:50","date_gmt":"2026-04-16T10:16:50","guid":{"rendered":"https:\/\/lauraverdugodelrey.com\/audio\/"},"modified":"2026-04-29T23:33:21","modified_gmt":"2026-04-29T21:33:21","slug":"audio","status":"publish","type":"page","link":"https:\/\/lauraverdugodelrey.com\/en\/audio\/","title":{"rendered":"AUDIO"},"content":{"rendered":"<p>[et_pb_section fb_built=&#8221;1&#8243; admin_label=&#8221;section&#8221; _builder_version=&#8221;4.27.6&#8243; background_image=&#8221;https:\/\/lauraverdugodelrey.com\/wp-content\/uploads\/2026\/04\/138-scaled.jpg&#8221; parallax=&#8221;on&#8221; custom_margin=&#8221;2px||||false|false&#8221; custom_margin_tablet=&#8221;2px||||false|false&#8221; custom_margin_phone=&#8221;176px||||false|false&#8221; custom_margin_last_edited=&#8221;on|desktop&#8221; custom_padding=&#8221;28%||7%||false|false&#8221; background_last_edited=&#8221;on|phone&#8221; parallax_phone=&#8221;off&#8221; transparent_background=&#8221;off&#8221; locked=&#8221;off&#8221; global_colors_info=&#8221;{}&#8221;][et_pb_row admin_label=&#8221;row&#8221; _builder_version=&#8221;4.27.6&#8243; background_color=&#8221;rgba(255,255,255,0.84)&#8221; background_size=&#8221;initial&#8221; background_position=&#8221;top_left&#8221; background_repeat=&#8221;repeat&#8221; vertical_offset=&#8221;-132px&#8221; horizontal_offset=&#8221;228px&#8221; vertical_offset_tablet=&#8221;-132px&#8221; vertical_offset_phone=&#8221;-132px&#8221; vertical_offset_last_edited=&#8221;on|phone&#8221; horizontal_offset_tablet=&#8221;228px&#8221; horizontal_offset_phone=&#8221;89px&#8221; horizontal_offset_last_edited=&#8221;on|phone&#8221; max_width=&#8221;500px&#8221; custom_padding=&#8221;42px|0px|0px|0px||&#8221; background_last_edited=&#8221;on|phone&#8221; background_enable_color_phone=&#8221;off&#8221; use_custom_width=&#8221;on&#8221; custom_width_px=&#8221;500px&#8221; global_colors_info=&#8221;{}&#8221;][et_pb_column type=&#8221;4_4&#8243; _builder_version=&#8221;4.16&#8243; custom_padding=&#8221;5%|5%|5%|5%&#8221; global_colors_info=&#8221;{}&#8221; custom_padding__hover=&#8221;|||&#8221;][et_pb_text admin_label=&#8221;all the&#8221; _builder_version=&#8221;4.27.6&#8243; text_font=&#8221;Playfair Display||on||&#8221; text_font_size=&#8221;25&#8243; text_letter_spacing=&#8221;2px&#8221; background_size=&#8221;initial&#8221; background_position=&#8221;top_left&#8221; background_repeat=&#8221;repeat&#8221; text_orientation=&#8221;center&#8221; module_alignment=&#8221;center&#8221; background_layout_tablet=&#8221;&#8221; background_layout_phone=&#8221;dark&#8221; background_layout_last_edited=&#8221;on|desktop&#8221; use_border_color=&#8221;off&#8221; border_style=&#8221;solid&#8221; global_colors_info=&#8221;{}&#8221;]<\/p>\n<p>Media<\/p>\n<p>[\/et_pb_text][et_pb_text admin_label=&#8221;INFO&#8221; _builder_version=&#8221;4.27.6&#8243; text_font=&#8221;Cardo||||&#8221; text_font_size=&#8221;36&#8243; text_letter_spacing=&#8221;2px&#8221; background_size=&#8221;initial&#8221; background_position=&#8221;top_left&#8221; background_repeat=&#8221;repeat&#8221; text_orientation=&#8221;center&#8221; module_alignment=&#8221;center&#8221; custom_padding=&#8221;||25px|&#8221; text_font_size_tablet=&#8221;36&#8243; text_font_size_phone=&#8221;33px&#8221; text_font_size_last_edited=&#8221;on|phone&#8221; background_layout_tablet=&#8221;&#8221; background_layout_phone=&#8221;dark&#8221; background_layout_last_edited=&#8221;on|desktop&#8221; use_border_color=&#8221;off&#8221; border_style=&#8221;solid&#8221; global_colors_info=&#8221;{}&#8221;]<\/p>\n<p>Audios<\/p>\n<p>[\/et_pb_text][et_pb_divider color=&#8221;#f6decf&#8221; divider_weight=&#8221;3px&#8221; admin_label=&#8221;Divider&#8221; _builder_version=&#8221;4.16&#8243; height=&#8221;20px&#8221; custom_css_main_element=&#8221;margin-left: 47%;||margin-right: 47%;&#8221; hide_on_mobile=&#8221;off&#8221; global_colors_info=&#8221;{}&#8221;][\/et_pb_divider][\/et_pb_column][\/et_pb_row][\/et_pb_section][et_pb_section fb_built=&#8221;1&#8243; admin_label=&#8221;Section&#8221; _builder_version=&#8221;4.27.6&#8243; background_color=&#8221;#f4f4f4&#8243; transparent_background=&#8221;off&#8221; global_colors_info=&#8221;{}&#8221;][et_pb_row column_structure=&#8221;1_2,1_2&#8243; _builder_version=&#8221;4.27.6&#8243; _module_preset=&#8221;default&#8221; global_colors_info=&#8221;{}&#8221;][et_pb_column type=&#8221;1_2&#8243; _builder_version=&#8221;4.27.6&#8243; _module_preset=&#8221;default&#8221; global_colors_info=&#8221;{}&#8221;][et_pb_text admin_label=&#8221;OPTION 1&#8243; _builder_version=&#8221;4.27.6&#8243; text_font_size=&#8221;26&#8243; text_letter_spacing=&#8221;2px&#8221; header_font=&#8221;Cardo||||&#8221; background_size=&#8221;initial&#8221; background_position=&#8221;top_left&#8221; background_repeat=&#8221;repeat&#8221; text_orientation=&#8221;center&#8221; module_alignment=&#8221;center&#8221; text_font_size_tablet=&#8221;26&#8243; text_font_size_phone=&#8221;24px&#8221; text_font_size_last_edited=&#8221;on|phone&#8221; use_border_color=&#8221;off&#8221; border_style=&#8221;solid&#8221; locked=&#8221;off&#8221; global_colors_info=&#8221;{}&#8221;]<\/p>\n<p>Fly with Me<\/p>\n<p>[\/et_pb_text][et_pb_text _builder_version=&#8221;4.27.6&#8243; _module_preset=&#8221;default&#8221; background_color=&#8221;#FFFFFF&#8221; global_colors_info=&#8221;{}&#8221;]<\/p>\n<p><iframe style=\"width: 100%; max-width: 660px; overflow: hidden; border-radius: 10px;\" src=\"https:\/\/embed.music.apple.com\/es\/album\/fly-with-me\/1812723891\" height=\"450\" frameborder=\"0\" sandbox=\"allow-forms allow-popups allow-same-origin allow-scripts allow-storage-access-by-user-activation allow-top-navigation-by-user-activation\"><\/iframe><\/p>\n<p>[\/et_pb_text][\/et_pb_column][et_pb_column type=&#8221;1_2&#8243; _builder_version=&#8221;4.27.6&#8243; _module_preset=&#8221;default&#8221; global_colors_info=&#8221;{}&#8221;][et_pb_text admin_label=&#8221;OPTION 1&#8243; _builder_version=&#8221;4.27.6&#8243; text_font_size=&#8221;26&#8243; text_letter_spacing=&#8221;2px&#8221; header_font=&#8221;Cardo||||&#8221; background_size=&#8221;initial&#8221; background_position=&#8221;top_left&#8221; background_repeat=&#8221;repeat&#8221; text_orientation=&#8221;center&#8221; module_alignment=&#8221;center&#8221; text_font_size_tablet=&#8221;26&#8243; text_font_size_phone=&#8221;24px&#8221; text_font_size_last_edited=&#8221;on|phone&#8221; use_border_color=&#8221;off&#8221; border_style=&#8221;solid&#8221; locked=&#8221;off&#8221; global_colors_info=&#8221;{}&#8221;]<\/p>\n<p>Brisas, Preludios y Tientos<\/p>\n<p>[\/et_pb_text][et_pb_text _builder_version=&#8221;4.27.6&#8243; _module_preset=&#8221;default&#8221; global_colors_info=&#8221;{}&#8221;]<iframe style=\"width: 100%; max-width: 660px; overflow: hidden; border-radius: 10px;\" src=\"https:\/\/embed.music.apple.com\/es\/album\/brisas-preludios-y-tientos-para-guitarra\/1765018918\" height=\"450\" frameborder=\"0\" sandbox=\"allow-forms allow-popups allow-same-origin allow-scripts allow-storage-access-by-user-activation allow-top-navigation-by-user-activation\"><\/iframe>[\/et_pb_text][\/et_pb_column][\/et_pb_row][et_pb_row column_structure=&#8221;1_2,1_2&#8243; _builder_version=&#8221;4.27.6&#8243; _module_preset=&#8221;default&#8221; global_colors_info=&#8221;{}&#8221;][et_pb_column type=&#8221;1_2&#8243; _builder_version=&#8221;4.27.6&#8243; _module_preset=&#8221;default&#8221; global_colors_info=&#8221;{}&#8221;][et_pb_text admin_label=&#8221;OPTION 1&#8243; _builder_version=&#8221;4.27.6&#8243; text_font_size=&#8221;26&#8243; text_letter_spacing=&#8221;2px&#8221; header_font=&#8221;Cardo||||&#8221; background_size=&#8221;initial&#8221; background_position=&#8221;top_left&#8221; background_repeat=&#8221;repeat&#8221; text_orientation=&#8221;center&#8221; module_alignment=&#8221;center&#8221; text_font_size_tablet=&#8221;26&#8243; text_font_size_phone=&#8221;24px&#8221; text_font_size_last_edited=&#8221;on|phone&#8221; use_border_color=&#8221;off&#8221; border_style=&#8221;solid&#8221; locked=&#8221;off&#8221; global_colors_info=&#8221;{}&#8221;]<\/p>\n<p>Juan Erena &#8211; The World We Build<\/p>\n<p>[\/et_pb_text][et_pb_text _builder_version=&#8221;4.27.6&#8243; _module_preset=&#8221;default&#8221; global_colors_info=&#8221;{}&#8221;]<iframe style=\"width: 100%; max-width: 660px; overflow: hidden; border-radius: 10px;\" src=\"https:\/\/embed.music.apple.com\/es\/album\/the-world-we-build\/1721601150\" height=\"450\" frameborder=\"0\" sandbox=\"allow-forms allow-popups allow-same-origin allow-scripts allow-storage-access-by-user-activation allow-top-navigation-by-user-activation\"><\/iframe>[\/et_pb_text][\/et_pb_column][et_pb_column type=&#8221;1_2&#8243; _builder_version=&#8221;4.27.6&#8243; _module_preset=&#8221;default&#8221; global_colors_info=&#8221;{}&#8221;][\/et_pb_column][\/et_pb_row][\/et_pb_section]<\/p>\n","protected":false},"excerpt":{"rendered":"<p>MediaAudiosFly with MeBrisas, Preludios y TientosJuan Erena &#8211; The World We Build<\/p>\n","protected":false},"author":1,"featured_media":234092,"parent":0,"menu_order":0,"comment_status":"closed","ping_status":"closed","template":"","meta":{"_et_pb_use_builder":"on","_et_pb_old_content":"","_et_gb_content_width":"","footnotes":""},"class_list":["post-233792","page","type-page","status-publish","has-post-thumbnail","hentry"],"yoast_head":"<!-- This site is optimized with the Yoast SEO plugin v27.5 - https:\/\/yoast.com\/product\/yoast-seo-wordpress\/ -->\n<title>Classical guitar audio | Laura Verdugo del Rey<\/title>\n<meta name=\"description\" content=\"Audio and recordings of classical guitar concert artist Laura Verdugo del Rey, featuring works by David del Puerto and contemporary repertoire.\" \/>\n<meta name=\"robots\" content=\"index, follow, max-snippet:-1, max-image-preview:large, max-video-preview:-1\" \/>\n<link rel=\"canonical\" href=\"https:\/\/lauraverdugodelrey.com\/en\/audio\/\" \/>\n<meta property=\"og:locale\" content=\"en_US\" \/>\n<meta property=\"og:type\" content=\"article\" \/>\n<meta property=\"og:title\" content=\"Laura Verdugo del Rey | Classical Guitar Recordings\" \/>\n<meta property=\"og:description\" content=\"Audio and recordings of classical guitar concert artist Laura Verdugo del Rey, featuring works by David del Puerto, Juan Erena, and contemporary repertoire.\" \/>\n<meta property=\"og:url\" content=\"https:\/\/lauraverdugodelrey.com\/en\/audio\/\" \/>\n<meta property=\"og:site_name\" content=\"Laura Verdugo del Rey\" \/>\n<meta property=\"article:modified_time\" content=\"2026-04-29T21:33:21+00:00\" \/>\n<meta property=\"og:image\" content=\"https:\/\/lauraverdugodelrey.com\/wp-content\/uploads\/2026\/04\/138-scaled.jpg\" \/>\n\t<meta property=\"og:image:width\" content=\"2560\" \/>\n\t<meta property=\"og:image:height\" content=\"1706\" \/>\n\t<meta property=\"og:image:type\" content=\"image\/jpeg\" \/>\n<meta name=\"twitter:card\" content=\"summary_large_image\" \/>\n<meta name=\"twitter:label1\" content=\"Est. reading time\" \/>\n\t<meta name=\"twitter:data1\" content=\"1 minute\" \/>\n<script type=\"application\/ld+json\" class=\"yoast-schema-graph\">{\"@context\":\"https:\\\/\\\/schema.org\",\"@graph\":[{\"@type\":\"WebPage\",\"@id\":\"https:\\\/\\\/lauraverdugodelrey.com\\\/en\\\/audio\\\/\",\"url\":\"https:\\\/\\\/lauraverdugodelrey.com\\\/en\\\/audio\\\/\",\"name\":\"Classical guitar audio | Laura Verdugo del Rey\",\"isPartOf\":{\"@id\":\"https:\\\/\\\/lauraverdugodelrey.com\\\/en\\\/#website\"},\"primaryImageOfPage\":{\"@id\":\"https:\\\/\\\/lauraverdugodelrey.com\\\/en\\\/audio\\\/#primaryimage\"},\"image\":{\"@id\":\"https:\\\/\\\/lauraverdugodelrey.com\\\/en\\\/audio\\\/#primaryimage\"},\"thumbnailUrl\":\"https:\\\/\\\/lauraverdugodelrey.com\\\/wp-content\\\/uploads\\\/2026\\\/04\\\/138-scaled.jpg\",\"datePublished\":\"2026-04-16T10:16:50+00:00\",\"dateModified\":\"2026-04-29T21:33:21+00:00\",\"description\":\"Audio and recordings of classical guitar concert artist Laura Verdugo del Rey, featuring works by David del Puerto and contemporary repertoire.\",\"breadcrumb\":{\"@id\":\"https:\\\/\\\/lauraverdugodelrey.com\\\/en\\\/audio\\\/#breadcrumb\"},\"inLanguage\":\"en-US\",\"potentialAction\":[{\"@type\":\"ReadAction\",\"target\":[\"https:\\\/\\\/lauraverdugodelrey.com\\\/en\\\/audio\\\/\"]}]},{\"@type\":\"ImageObject\",\"inLanguage\":\"en-US\",\"@id\":\"https:\\\/\\\/lauraverdugodelrey.com\\\/en\\\/audio\\\/#primaryimage\",\"url\":\"https:\\\/\\\/lauraverdugodelrey.com\\\/wp-content\\\/uploads\\\/2026\\\/04\\\/138-scaled.jpg\",\"contentUrl\":\"https:\\\/\\\/lauraverdugodelrey.com\\\/wp-content\\\/uploads\\\/2026\\\/04\\\/138-scaled.jpg\",\"width\":2560,\"height\":1706,\"caption\":\"Retrato art\u00edstico de guitarrista cl\u00e1sica con guitarra espa\u00f1ola en un entorno elegante de estilo hist\u00f3rico\"},{\"@type\":\"BreadcrumbList\",\"@id\":\"https:\\\/\\\/lauraverdugodelrey.com\\\/en\\\/audio\\\/#breadcrumb\",\"itemListElement\":[{\"@type\":\"ListItem\",\"position\":1,\"name\":\"Portada\",\"item\":\"https:\\\/\\\/lauraverdugodelrey.com\\\/en\\\/\"},{\"@type\":\"ListItem\",\"position\":2,\"name\":\"AUDIO\"}]},{\"@type\":\"WebSite\",\"@id\":\"https:\\\/\\\/lauraverdugodelrey.com\\\/en\\\/#website\",\"url\":\"https:\\\/\\\/lauraverdugodelrey.com\\\/en\\\/\",\"name\":\"Laura Verdugo del Rey | Concert Guitarist\",\"description\":\"Concert guitarist\",\"publisher\":{\"@id\":\"https:\\\/\\\/lauraverdugodelrey.com\\\/en\\\/#\\\/schema\\\/person\\\/561b76e66913d3b237497997cc937c19\"},\"alternateName\":\"Laura Verdugo del Rey\",\"potentialAction\":[{\"@type\":\"SearchAction\",\"target\":{\"@type\":\"EntryPoint\",\"urlTemplate\":\"https:\\\/\\\/lauraverdugodelrey.com\\\/en\\\/?s={search_term_string}\"},\"query-input\":{\"@type\":\"PropertyValueSpecification\",\"valueRequired\":true,\"valueName\":\"search_term_string\"}}],\"inLanguage\":\"en-US\"},{\"@type\":[\"Person\",\"Organization\"],\"@id\":\"https:\\\/\\\/lauraverdugodelrey.com\\\/en\\\/#\\\/schema\\\/person\\\/561b76e66913d3b237497997cc937c19\",\"name\":\"Laura Verdugo del Rey\",\"image\":{\"@type\":\"ImageObject\",\"inLanguage\":\"en-US\",\"@id\":\"https:\\\/\\\/lauraverdugodelrey.com\\\/wp-content\\\/uploads\\\/2026\\\/04\\\/cropped-Captura-de-pantalla-2026-04-20-a-las-22.32.01-1.png\",\"url\":\"https:\\\/\\\/lauraverdugodelrey.com\\\/wp-content\\\/uploads\\\/2026\\\/04\\\/cropped-Captura-de-pantalla-2026-04-20-a-las-22.32.01-1.png\",\"contentUrl\":\"https:\\\/\\\/lauraverdugodelrey.com\\\/wp-content\\\/uploads\\\/2026\\\/04\\\/cropped-Captura-de-pantalla-2026-04-20-a-las-22.32.01-1.png\",\"width\":512,\"height\":512,\"caption\":\"Laura Verdugo del Rey\"},\"logo\":{\"@id\":\"https:\\\/\\\/lauraverdugodelrey.com\\\/wp-content\\\/uploads\\\/2026\\\/04\\\/cropped-Captura-de-pantalla-2026-04-20-a-las-22.32.01-1.png\"}}]}<\/script>\n<!-- \/ Yoast SEO plugin. -->","yoast_head_json":{"title":"Classical guitar audio | Laura Verdugo del Rey","description":"Audio and recordings of classical guitar concert artist Laura Verdugo del Rey, featuring works by David del Puerto and contemporary repertoire.","robots":{"index":"index","follow":"follow","max-snippet":"max-snippet:-1","max-image-preview":"max-image-preview:large","max-video-preview":"max-video-preview:-1"},"canonical":"https:\/\/lauraverdugodelrey.com\/en\/audio\/","og_locale":"en_US","og_type":"article","og_title":"Laura Verdugo del Rey | Classical Guitar Recordings","og_description":"Audio and recordings of classical guitar concert artist Laura Verdugo del Rey, featuring works by David del Puerto, Juan Erena, and contemporary repertoire.","og_url":"https:\/\/lauraverdugodelrey.com\/en\/audio\/","og_site_name":"Laura Verdugo del Rey","article_modified_time":"2026-04-29T21:33:21+00:00","og_image":[{"width":2560,"height":1706,"url":"https:\/\/lauraverdugodelrey.com\/wp-content\/uploads\/2026\/04\/138-scaled.jpg","type":"image\/jpeg"}],"twitter_card":"summary_large_image","twitter_misc":{"Est. reading time":"1 minute"},"schema":{"@context":"https:\/\/schema.org","@graph":[{"@type":"WebPage","@id":"https:\/\/lauraverdugodelrey.com\/en\/audio\/","url":"https:\/\/lauraverdugodelrey.com\/en\/audio\/","name":"Classical guitar audio | Laura Verdugo del Rey","isPartOf":{"@id":"https:\/\/lauraverdugodelrey.com\/en\/#website"},"primaryImageOfPage":{"@id":"https:\/\/lauraverdugodelrey.com\/en\/audio\/#primaryimage"},"image":{"@id":"https:\/\/lauraverdugodelrey.com\/en\/audio\/#primaryimage"},"thumbnailUrl":"https:\/\/lauraverdugodelrey.com\/wp-content\/uploads\/2026\/04\/138-scaled.jpg","datePublished":"2026-04-16T10:16:50+00:00","dateModified":"2026-04-29T21:33:21+00:00","description":"Audio and recordings of classical guitar concert artist Laura Verdugo del Rey, featuring works by David del Puerto and contemporary repertoire.","breadcrumb":{"@id":"https:\/\/lauraverdugodelrey.com\/en\/audio\/#breadcrumb"},"inLanguage":"en-US","potentialAction":[{"@type":"ReadAction","target":["https:\/\/lauraverdugodelrey.com\/en\/audio\/"]}]},{"@type":"ImageObject","inLanguage":"en-US","@id":"https:\/\/lauraverdugodelrey.com\/en\/audio\/#primaryimage","url":"https:\/\/lauraverdugodelrey.com\/wp-content\/uploads\/2026\/04\/138-scaled.jpg","contentUrl":"https:\/\/lauraverdugodelrey.com\/wp-content\/uploads\/2026\/04\/138-scaled.jpg","width":2560,"height":1706,"caption":"Retrato art\u00edstico de guitarrista cl\u00e1sica con guitarra espa\u00f1ola en un entorno elegante de estilo hist\u00f3rico"},{"@type":"BreadcrumbList","@id":"https:\/\/lauraverdugodelrey.com\/en\/audio\/#breadcrumb","itemListElement":[{"@type":"ListItem","position":1,"name":"Portada","item":"https:\/\/lauraverdugodelrey.com\/en\/"},{"@type":"ListItem","position":2,"name":"AUDIO"}]},{"@type":"WebSite","@id":"https:\/\/lauraverdugodelrey.com\/en\/#website","url":"https:\/\/lauraverdugodelrey.com\/en\/","name":"Laura Verdugo del Rey | Concert Guitarist","description":"Concert guitarist","publisher":{"@id":"https:\/\/lauraverdugodelrey.com\/en\/#\/schema\/person\/561b76e66913d3b237497997cc937c19"},"alternateName":"Laura Verdugo del Rey","potentialAction":[{"@type":"SearchAction","target":{"@type":"EntryPoint","urlTemplate":"https:\/\/lauraverdugodelrey.com\/en\/?s={search_term_string}"},"query-input":{"@type":"PropertyValueSpecification","valueRequired":true,"valueName":"search_term_string"}}],"inLanguage":"en-US"},{"@type":["Person","Organization"],"@id":"https:\/\/lauraverdugodelrey.com\/en\/#\/schema\/person\/561b76e66913d3b237497997cc937c19","name":"Laura Verdugo del Rey","image":{"@type":"ImageObject","inLanguage":"en-US","@id":"https:\/\/lauraverdugodelrey.com\/wp-content\/uploads\/2026\/04\/cropped-Captura-de-pantalla-2026-04-20-a-las-22.32.01-1.png","url":"https:\/\/lauraverdugodelrey.com\/wp-content\/uploads\/2026\/04\/cropped-Captura-de-pantalla-2026-04-20-a-las-22.32.01-1.png","contentUrl":"https:\/\/lauraverdugodelrey.com\/wp-content\/uploads\/2026\/04\/cropped-Captura-de-pantalla-2026-04-20-a-las-22.32.01-1.png","width":512,"height":512,"caption":"Laura Verdugo del Rey"},"logo":{"@id":"https:\/\/lauraverdugodelrey.com\/wp-content\/uploads\/2026\/04\/cropped-Captura-de-pantalla-2026-04-20-a-las-22.32.01-1.png"}}]}},"_links":{"self":[{"href":"https:\/\/lauraverdugodelrey.com\/en\/wp-json\/wp\/v2\/pages\/233792","targetHints":{"allow":["GET"]}}],"collection":[{"href":"https:\/\/lauraverdugodelrey.com\/en\/wp-json\/wp\/v2\/pages"}],"about":[{"href":"https:\/\/lauraverdugodelrey.com\/en\/wp-json\/wp\/v2\/types\/page"}],"author":[{"embeddable":true,"href":"https:\/\/lauraverdugodelrey.com\/en\/wp-json\/wp\/v2\/users\/1"}],"replies":[{"embeddable":true,"href":"https:\/\/lauraverdugodelrey.com\/en\/wp-json\/wp\/v2\/comments?post=233792"}],"version-history":[{"count":3,"href":"https:\/\/lauraverdugodelrey.com\/en\/wp-json\/wp\/v2\/pages\/233792\/revisions"}],"predecessor-version":[{"id":234048,"href":"https:\/\/lauraverdugodelrey.com\/en\/wp-json\/wp\/v2\/pages\/233792\/revisions\/234048"}],"wp:featuredmedia":[{"embeddable":true,"href":"https:\/\/lauraverdugodelrey.com\/en\/wp-json\/wp\/v2\/media\/234092"}],"wp:attachment":[{"href":"https:\/\/lauraverdugodelrey.com\/en\/wp-json\/wp\/v2\/media?parent=233792"}],"curies":[{"name":"wp","href":"https:\/\/api.w.org\/{rel}","templated":true}]}}