{"id":233788,"date":"2017-07-04T10:12:55","date_gmt":"2017-07-04T08:12:55","guid":{"rendered":"https:\/\/lauraverdugodelrey.com\/blog\/"},"modified":"2026-04-29T20:44:34","modified_gmt":"2026-04-29T18:44:34","slug":"blog","status":"publish","type":"page","link":"https:\/\/lauraverdugodelrey.com\/en\/blog\/","title":{"rendered":"Blog"},"content":{"rendered":"<p>[et_pb_section fb_built=&#8221;1&#8243; fullwidth=&#8221;on&#8221; disabled_on=&#8221;on|on|off&#8221; _builder_version=&#8221;4.16&#8243; custom_padding=&#8221;||0px|&#8221; global_colors_info=&#8221;{}&#8221; locked=&#8221;off&#8221;][et_pb_fullwidth_menu menu_id=&#8221;25&#8243; submenu_direction=&#8221;downwards&#8221; fullwidth_menu=&#8221;off&#8221; _builder_version=&#8221;4.16&#8243; menu_font=&#8221;Abel|||on|&#8221; menu_text_color=&#8221;#000000&#8243; menu_font_size=&#8221;16px&#8221; menu_letter_spacing=&#8221;1px&#8221; background_size=&#8221;initial&#8221; background_position=&#8221;top_left&#8221; background_repeat=&#8221;repeat&#8221; text_orientation=&#8221;center&#8221; global_colors_info=&#8221;{}&#8221;][\/et_pb_fullwidth_menu][\/et_pb_section][et_pb_section fb_built=&#8221;1&#8243; admin_label=&#8221;section&#8221; _builder_version=&#8221;4.27.6&#8243; background_image=&#8221;https:\/\/lauraverdugodelrey.com\/wp-content\/uploads\/2026\/04\/204-scaled.jpg&#8221; parallax=&#8221;on&#8221; custom_margin=&#8221;-178px||||false|false&#8221; custom_margin_tablet=&#8221;-178px||||false|false&#8221; custom_margin_phone=&#8221;-77px||||false|false&#8221; custom_margin_last_edited=&#8221;on|phone&#8221; custom_padding=&#8221;28%||7%||false|false&#8221; background_last_edited=&#8221;on|phone&#8221; parallax_phone=&#8221;off&#8221; transparent_background=&#8221;off&#8221; locked=&#8221;off&#8221; global_colors_info=&#8221;{}&#8221;][et_pb_row admin_label=&#8221;row&#8221; _builder_version=&#8221;4.27.6&#8243; background_color=&#8221;rgba(255,255,255,0.84)&#8221; background_size=&#8221;initial&#8221; background_position=&#8221;top_left&#8221; background_repeat=&#8221;repeat&#8221; vertical_offset=&#8221;-132px&#8221; horizontal_offset=&#8221;228px&#8221; vertical_offset_tablet=&#8221;-132px&#8221; vertical_offset_phone=&#8221;-132px&#8221; vertical_offset_last_edited=&#8221;on|phone&#8221; horizontal_offset_tablet=&#8221;228px&#8221; horizontal_offset_phone=&#8221;89px&#8221; horizontal_offset_last_edited=&#8221;on|phone&#8221; max_width=&#8221;500px&#8221; custom_padding=&#8221;42px|0px|0px|0px||&#8221; background_last_edited=&#8221;on|phone&#8221; background_enable_color_phone=&#8221;off&#8221; use_custom_width=&#8221;on&#8221; custom_width_px=&#8221;500px&#8221; global_colors_info=&#8221;{}&#8221;][et_pb_column type=&#8221;4_4&#8243; _builder_version=&#8221;4.16&#8243; custom_padding=&#8221;5%|5%|5%|5%&#8221; global_colors_info=&#8221;{}&#8221; custom_padding__hover=&#8221;|||&#8221;][et_pb_text admin_label=&#8221;INFO&#8221; _builder_version=&#8221;4.27.6&#8243; text_font=&#8221;Cardo||||&#8221; text_font_size=&#8221;36&#8243; text_letter_spacing=&#8221;2px&#8221; background_size=&#8221;initial&#8221; background_position=&#8221;top_left&#8221; background_repeat=&#8221;repeat&#8221; text_orientation=&#8221;center&#8221; module_alignment=&#8221;center&#8221; custom_padding=&#8221;||25px|&#8221; hover_enabled=&#8221;0&#8243; text_font_size_tablet=&#8221;36&#8243; text_font_size_phone=&#8221;33px&#8221; text_font_size_last_edited=&#8221;on|phone&#8221; background_layout_tablet=&#8221;&#8221; background_layout_phone=&#8221;dark&#8221; background_layout_last_edited=&#8221;on|desktop&#8221; use_border_color=&#8221;off&#8221; border_style=&#8221;solid&#8221; global_colors_info=&#8221;{}&#8221; sticky_enabled=&#8221;0&#8243;]<\/p>\n<p>The Blog<\/p>\n<p>[\/et_pb_text][et_pb_divider color=&#8221;#f6decf&#8221; divider_weight=&#8221;3px&#8221; admin_label=&#8221;Divider&#8221; _builder_version=&#8221;4.16&#8243; height=&#8221;20px&#8221; custom_css_main_element=&#8221;margin-left: 47%;||margin-right: 47%;&#8221; hide_on_mobile=&#8221;off&#8221; global_colors_info=&#8221;{}&#8221;][\/et_pb_divider][\/et_pb_column][\/et_pb_row][\/et_pb_section][et_pb_section fb_built=&#8221;1&#8243; admin_label=&#8221;section&#8221; _builder_version=&#8221;4.16&#8243; background_color=&#8221;#f9f9f9&#8243; global_colors_info=&#8221;{}&#8221;][et_pb_row admin_label=&#8221;row&#8221; _builder_version=&#8221;4.16&#8243; background_color=&#8221;#ffffff&#8221; max_width=&#8221;80%&#8221; custom_padding=&#8221;3%|3%|3%|3%&#8221; use_custom_width=&#8221;on&#8221; width_unit=&#8221;off&#8221; custom_width_px=&#8221;500px&#8221; global_colors_info=&#8221;{}&#8221;][et_pb_column type=&#8221;4_4&#8243; _builder_version=&#8221;4.16&#8243; background_position=&#8221;top_left&#8221; custom_padding=&#8221;|||&#8221; global_colors_info=&#8221;{}&#8221; custom_padding__hover=&#8221;|||&#8221;][et_pb_blog fullwidth=&#8221;off&#8221; include_categories=&#8221;29&#8243; show_more=&#8221;on&#8221; show_author=&#8221;off&#8221; show_categories=&#8221;off&#8221; show_pagination=&#8221;off&#8221; use_overlay=&#8221;on&#8221; overlay_icon_color=&#8221;#000000&#8243; hover_overlay_color=&#8221;rgba(255,255,255,0.5)&#8221; hover_icon=&#8221;&#x55;||divi||400&#8243; masonry_tile_background_color=&#8221;#ffffff&#8221; admin_label=&#8221;Blog Grid&#8221; _builder_version=&#8221;4.27.6&#8243; header_text_align=&#8221;center&#8221; body_text_color=&#8221;#000000&#8243; meta_font=&#8221;Abel|||on|||||&#8221; meta_text_align=&#8221;center&#8221; meta_text_color=&#8221;#000000&#8243; border_width_all=&#8221;0px&#8221; border_color_all=&#8221;#d8d8d8&#8243; border_style_all=&#8221;solid&#8221; border_width_all_fullwidth=&#8221;1px&#8221; border_color_all_fullwidth=&#8221;#d8d8d8&#8243; border_style_all_fullwidth=&#8221;solid&#8221; box_shadow_style=&#8221;preset3&#8243; box_shadow_color=&#8221;rgba(0,0,0,0.1)&#8221; use_border_color=&#8221;on&#8221; border_style=&#8221;solid&#8221; use_dropshadow=&#8221;on&#8221; global_colors_info=&#8221;{}&#8221;][\/et_pb_blog][et_pb_divider color=&#8221;#f6decf&#8221; divider_weight=&#8221;3px&#8221; _builder_version=&#8221;4.16&#8243; height=&#8221;20px&#8221; custom_css_main_element=&#8221;width: 40px;||margin: 0 auto;&#8221; hide_on_mobile=&#8221;off&#8221; global_colors_info=&#8221;{}&#8221;][\/et_pb_divider][\/et_pb_column][\/et_pb_row][\/et_pb_section]<\/p>\n","protected":false},"excerpt":{"rendered":"<p>The Blog<\/p>\n","protected":false},"author":1,"featured_media":234100,"parent":0,"menu_order":0,"comment_status":"closed","ping_status":"closed","template":"","meta":{"_et_pb_use_builder":"on","_et_pb_old_content":"","_et_gb_content_width":"","footnotes":""},"class_list":["post-233788","page","type-page","status-publish","has-post-thumbnail","hentry"],"yoast_head":"<!-- This site is optimized with the Yoast SEO plugin v27.5 - https:\/\/yoast.com\/product\/yoast-seo-wordpress\/ -->\n<title>Classical Guitar Blog | Laura Verdugo del Rey<\/title>\n<meta name=\"description\" content=\"Articles on performance, repertoire, and professional life in classical guitar by concert artist Laura Verdugo del Rey.\" \/>\n<meta name=\"robots\" content=\"index, follow, max-snippet:-1, max-image-preview:large, max-video-preview:-1\" \/>\n<link rel=\"canonical\" href=\"https:\/\/lauraverdugodelrey.com\/en\/blog\/\" \/>\n<meta property=\"og:locale\" content=\"en_US\" \/>\n<meta property=\"og:type\" content=\"article\" \/>\n<meta property=\"og:title\" content=\"Laura Verdugo del Rey | Classical Guitar Blog\" \/>\n<meta property=\"og:description\" content=\"Articles on performance, repertoire, and professional career in classical guitar written by concert artist Laura Verdugo del Rey.\" \/>\n<meta property=\"og:url\" content=\"https:\/\/lauraverdugodelrey.com\/en\/blog\/\" \/>\n<meta property=\"og:site_name\" content=\"Laura Verdugo del Rey\" \/>\n<meta property=\"article:modified_time\" content=\"2026-04-29T18:44:34+00:00\" \/>\n<meta property=\"og:image\" content=\"https:\/\/lauraverdugodelrey.com\/wp-content\/uploads\/2026\/04\/laura-verdugo-del-rey-4-228x300.jpg\" \/>\n<meta name=\"twitter:card\" content=\"summary_large_image\" \/>\n<meta name=\"twitter:label1\" content=\"Est. reading time\" \/>\n\t<meta name=\"twitter:data1\" content=\"3 minutes\" \/>\n<script type=\"application\/ld+json\" class=\"yoast-schema-graph\">{\"@context\":\"https:\\\/\\\/schema.org\",\"@graph\":[{\"@type\":\"WebPage\",\"@id\":\"https:\\\/\\\/lauraverdugodelrey.com\\\/en\\\/blog\\\/\",\"url\":\"https:\\\/\\\/lauraverdugodelrey.com\\\/en\\\/blog\\\/\",\"name\":\"Classical Guitar Blog | Laura Verdugo del Rey\",\"isPartOf\":{\"@id\":\"https:\\\/\\\/lauraverdugodelrey.com\\\/en\\\/#website\"},\"primaryImageOfPage\":{\"@id\":\"https:\\\/\\\/lauraverdugodelrey.com\\\/en\\\/blog\\\/#primaryimage\"},\"image\":{\"@id\":\"https:\\\/\\\/lauraverdugodelrey.com\\\/en\\\/blog\\\/#primaryimage\"},\"thumbnailUrl\":\"https:\\\/\\\/lauraverdugodelrey.com\\\/wp-content\\\/uploads\\\/2026\\\/04\\\/204-scaled.jpg\",\"datePublished\":\"2017-07-04T08:12:55+00:00\",\"dateModified\":\"2026-04-29T18:44:34+00:00\",\"description\":\"Articles on performance, repertoire, and professional life in classical guitar by concert artist Laura Verdugo del Rey.\",\"breadcrumb\":{\"@id\":\"https:\\\/\\\/lauraverdugodelrey.com\\\/en\\\/blog\\\/#breadcrumb\"},\"inLanguage\":\"en-US\",\"potentialAction\":[{\"@type\":\"ReadAction\",\"target\":[\"https:\\\/\\\/lauraverdugodelrey.com\\\/en\\\/blog\\\/\"]}]},{\"@type\":\"ImageObject\",\"inLanguage\":\"en-US\",\"@id\":\"https:\\\/\\\/lauraverdugodelrey.com\\\/en\\\/blog\\\/#primaryimage\",\"url\":\"https:\\\/\\\/lauraverdugodelrey.com\\\/wp-content\\\/uploads\\\/2026\\\/04\\\/204-scaled.jpg\",\"contentUrl\":\"https:\\\/\\\/lauraverdugodelrey.com\\\/wp-content\\\/uploads\\\/2026\\\/04\\\/204-scaled.jpg\",\"width\":2560,\"height\":1706,\"caption\":\"Laura Verdugo del Rey junto a su guitarra cl\u00e1sica en un retrato que combina presencia esc\u00e9nica, identidad art\u00edstica y una visi\u00f3n contempor\u00e1nea de la interpretaci\u00f3n.\"},{\"@type\":\"BreadcrumbList\",\"@id\":\"https:\\\/\\\/lauraverdugodelrey.com\\\/en\\\/blog\\\/#breadcrumb\",\"itemListElement\":[{\"@type\":\"ListItem\",\"position\":1,\"name\":\"Portada\",\"item\":\"https:\\\/\\\/lauraverdugodelrey.com\\\/en\\\/\"},{\"@type\":\"ListItem\",\"position\":2,\"name\":\"Blog\"}]},{\"@type\":\"WebSite\",\"@id\":\"https:\\\/\\\/lauraverdugodelrey.com\\\/en\\\/#website\",\"url\":\"https:\\\/\\\/lauraverdugodelrey.com\\\/en\\\/\",\"name\":\"Laura Verdugo del Rey | Concert Guitarist\",\"description\":\"Concert guitarist\",\"publisher\":{\"@id\":\"https:\\\/\\\/lauraverdugodelrey.com\\\/en\\\/#\\\/schema\\\/person\\\/561b76e66913d3b237497997cc937c19\"},\"alternateName\":\"Laura Verdugo del Rey\",\"potentialAction\":[{\"@type\":\"SearchAction\",\"target\":{\"@type\":\"EntryPoint\",\"urlTemplate\":\"https:\\\/\\\/lauraverdugodelrey.com\\\/en\\\/?s={search_term_string}\"},\"query-input\":{\"@type\":\"PropertyValueSpecification\",\"valueRequired\":true,\"valueName\":\"search_term_string\"}}],\"inLanguage\":\"en-US\"},{\"@type\":[\"Person\",\"Organization\"],\"@id\":\"https:\\\/\\\/lauraverdugodelrey.com\\\/en\\\/#\\\/schema\\\/person\\\/561b76e66913d3b237497997cc937c19\",\"name\":\"Laura Verdugo del Rey\",\"image\":{\"@type\":\"ImageObject\",\"inLanguage\":\"en-US\",\"@id\":\"https:\\\/\\\/lauraverdugodelrey.com\\\/wp-content\\\/uploads\\\/2026\\\/04\\\/cropped-Captura-de-pantalla-2026-04-20-a-las-22.32.01-1.png\",\"url\":\"https:\\\/\\\/lauraverdugodelrey.com\\\/wp-content\\\/uploads\\\/2026\\\/04\\\/cropped-Captura-de-pantalla-2026-04-20-a-las-22.32.01-1.png\",\"contentUrl\":\"https:\\\/\\\/lauraverdugodelrey.com\\\/wp-content\\\/uploads\\\/2026\\\/04\\\/cropped-Captura-de-pantalla-2026-04-20-a-las-22.32.01-1.png\",\"width\":512,\"height\":512,\"caption\":\"Laura Verdugo del Rey\"},\"logo\":{\"@id\":\"https:\\\/\\\/lauraverdugodelrey.com\\\/wp-content\\\/uploads\\\/2026\\\/04\\\/cropped-Captura-de-pantalla-2026-04-20-a-las-22.32.01-1.png\"}}]}<\/script>\n<!-- \/ Yoast SEO plugin. -->","yoast_head_json":{"title":"Classical Guitar Blog | Laura Verdugo del Rey","description":"Articles on performance, repertoire, and professional life in classical guitar by concert artist Laura Verdugo del Rey.","robots":{"index":"index","follow":"follow","max-snippet":"max-snippet:-1","max-image-preview":"max-image-preview:large","max-video-preview":"max-video-preview:-1"},"canonical":"https:\/\/lauraverdugodelrey.com\/en\/blog\/","og_locale":"en_US","og_type":"article","og_title":"Laura Verdugo del Rey | Classical Guitar Blog","og_description":"Articles on performance, repertoire, and professional career in classical guitar written by concert artist Laura Verdugo del Rey.","og_url":"https:\/\/lauraverdugodelrey.com\/en\/blog\/","og_site_name":"Laura Verdugo del Rey","article_modified_time":"2026-04-29T18:44:34+00:00","og_image":[{"url":"https:\/\/lauraverdugodelrey.com\/wp-content\/uploads\/2026\/04\/laura-verdugo-del-rey-4-228x300.jpg","type":"","width":"","height":""}],"twitter_card":"summary_large_image","twitter_misc":{"Est. reading time":"3 minutes"},"schema":{"@context":"https:\/\/schema.org","@graph":[{"@type":"WebPage","@id":"https:\/\/lauraverdugodelrey.com\/en\/blog\/","url":"https:\/\/lauraverdugodelrey.com\/en\/blog\/","name":"Classical Guitar Blog | Laura Verdugo del Rey","isPartOf":{"@id":"https:\/\/lauraverdugodelrey.com\/en\/#website"},"primaryImageOfPage":{"@id":"https:\/\/lauraverdugodelrey.com\/en\/blog\/#primaryimage"},"image":{"@id":"https:\/\/lauraverdugodelrey.com\/en\/blog\/#primaryimage"},"thumbnailUrl":"https:\/\/lauraverdugodelrey.com\/wp-content\/uploads\/2026\/04\/204-scaled.jpg","datePublished":"2017-07-04T08:12:55+00:00","dateModified":"2026-04-29T18:44:34+00:00","description":"Articles on performance, repertoire, and professional life in classical guitar by concert artist Laura Verdugo del Rey.","breadcrumb":{"@id":"https:\/\/lauraverdugodelrey.com\/en\/blog\/#breadcrumb"},"inLanguage":"en-US","potentialAction":[{"@type":"ReadAction","target":["https:\/\/lauraverdugodelrey.com\/en\/blog\/"]}]},{"@type":"ImageObject","inLanguage":"en-US","@id":"https:\/\/lauraverdugodelrey.com\/en\/blog\/#primaryimage","url":"https:\/\/lauraverdugodelrey.com\/wp-content\/uploads\/2026\/04\/204-scaled.jpg","contentUrl":"https:\/\/lauraverdugodelrey.com\/wp-content\/uploads\/2026\/04\/204-scaled.jpg","width":2560,"height":1706,"caption":"Laura Verdugo del Rey junto a su guitarra cl\u00e1sica en un retrato que combina presencia esc\u00e9nica, identidad art\u00edstica y una visi\u00f3n contempor\u00e1nea de la interpretaci\u00f3n."},{"@type":"BreadcrumbList","@id":"https:\/\/lauraverdugodelrey.com\/en\/blog\/#breadcrumb","itemListElement":[{"@type":"ListItem","position":1,"name":"Portada","item":"https:\/\/lauraverdugodelrey.com\/en\/"},{"@type":"ListItem","position":2,"name":"Blog"}]},{"@type":"WebSite","@id":"https:\/\/lauraverdugodelrey.com\/en\/#website","url":"https:\/\/lauraverdugodelrey.com\/en\/","name":"Laura Verdugo del Rey | Concert Guitarist","description":"Concert guitarist","publisher":{"@id":"https:\/\/lauraverdugodelrey.com\/en\/#\/schema\/person\/561b76e66913d3b237497997cc937c19"},"alternateName":"Laura Verdugo del Rey","potentialAction":[{"@type":"SearchAction","target":{"@type":"EntryPoint","urlTemplate":"https:\/\/lauraverdugodelrey.com\/en\/?s={search_term_string}"},"query-input":{"@type":"PropertyValueSpecification","valueRequired":true,"valueName":"search_term_string"}}],"inLanguage":"en-US"},{"@type":["Person","Organization"],"@id":"https:\/\/lauraverdugodelrey.com\/en\/#\/schema\/person\/561b76e66913d3b237497997cc937c19","name":"Laura Verdugo del Rey","image":{"@type":"ImageObject","inLanguage":"en-US","@id":"https:\/\/lauraverdugodelrey.com\/wp-content\/uploads\/2026\/04\/cropped-Captura-de-pantalla-2026-04-20-a-las-22.32.01-1.png","url":"https:\/\/lauraverdugodelrey.com\/wp-content\/uploads\/2026\/04\/cropped-Captura-de-pantalla-2026-04-20-a-las-22.32.01-1.png","contentUrl":"https:\/\/lauraverdugodelrey.com\/wp-content\/uploads\/2026\/04\/cropped-Captura-de-pantalla-2026-04-20-a-las-22.32.01-1.png","width":512,"height":512,"caption":"Laura Verdugo del Rey"},"logo":{"@id":"https:\/\/lauraverdugodelrey.com\/wp-content\/uploads\/2026\/04\/cropped-Captura-de-pantalla-2026-04-20-a-las-22.32.01-1.png"}}]}},"_links":{"self":[{"href":"https:\/\/lauraverdugodelrey.com\/en\/wp-json\/wp\/v2\/pages\/233788","targetHints":{"allow":["GET"]}}],"collection":[{"href":"https:\/\/lauraverdugodelrey.com\/en\/wp-json\/wp\/v2\/pages"}],"about":[{"href":"https:\/\/lauraverdugodelrey.com\/en\/wp-json\/wp\/v2\/types\/page"}],"author":[{"embeddable":true,"href":"https:\/\/lauraverdugodelrey.com\/en\/wp-json\/wp\/v2\/users\/1"}],"replies":[{"embeddable":true,"href":"https:\/\/lauraverdugodelrey.com\/en\/wp-json\/wp\/v2\/comments?post=233788"}],"version-history":[{"count":3,"href":"https:\/\/lauraverdugodelrey.com\/en\/wp-json\/wp\/v2\/pages\/233788\/revisions"}],"predecessor-version":[{"id":234064,"href":"https:\/\/lauraverdugodelrey.com\/en\/wp-json\/wp\/v2\/pages\/233788\/revisions\/234064"}],"wp:featuredmedia":[{"embeddable":true,"href":"https:\/\/lauraverdugodelrey.com\/en\/wp-json\/wp\/v2\/media\/234100"}],"wp:attachment":[{"href":"https:\/\/lauraverdugodelrey.com\/en\/wp-json\/wp\/v2\/media?parent=233788"}],"curies":[{"name":"wp","href":"https:\/\/api.w.org\/{rel}","templated":true}]}}